{"id":229533,"date":"2020-02-27T19:16:17","date_gmt":"2020-02-28T00:16:17","guid":{"rendered":"https:\/\/www.almacenflotablanca.com\/web\/?post_type=product&#038;p=229533"},"modified":"2026-04-15T16:10:45","modified_gmt":"2026-04-15T21:10:45","slug":"bicicleta-rin-20-gw-princess-story-multicolor","status":"publish","type":"product","link":"https:\/\/www.almacenflotablanca.com\/web\/producto\/bicicleta-rin-20-gw-princess-story-multicolor\/","title":{"rendered":"Bicicleta Rin 20 Princess Story Gw Fucsia"},"content":{"rendered":"<p>Bicicleta Rin 20 Princess Story Gw Fucsia, pensada en la comodidad, tambi\u00e9n ser\u00e1 perfecta para que desarrolle su motricidad y de esta manera ir mejorando su estabilidad, te ofrece gran seguridad gracias a su dise\u00f1o de frenos. Es completamente acolchada para que tu ni\u00f1a se sienta c\u00f3moda, maneja un timbre en la parte del volante, podr\u00e1s adaptar el sill\u00edn a la medida que desees.<\/p>\n<p>Nuestras bicicletas cuentan con componentes de excelente calidad, los cuales te brindaran la confianza y seguridad que necesitas, Mu\u00e9vete por donde quieras, por nuestras hermosas monta\u00f1as o por la ciudad, usa tu bicicleta para disfrutar de un d\u00eda de paseo por zonas rurales o para que vayas a tu trabajo, estudio o para que simplemente te diviertas.<\/p>\n","protected":false},"excerpt":{"rendered":"<p>&#8211; Material: Acero<br \/>\n&#8211; Rin: 20 &#8211; Aluminio<br \/>\n&#8211; Freno: V &#8211; Brake<br \/>\n&#8211; Edad: desde los 7 a\u00f1os en adelante<\/p>\n","protected":false},"featured_media":234182,"template":"","meta":{"_et_pb_use_builder":"","_et_pb_old_content":"","_et_gb_content_width":""},"product_brand":[],"product_cat":[64],"product_tag":[],"class_list":{"0":"post-229533","1":"product","2":"type-product","3":"status-publish","4":"has-post-thumbnail","6":"product_cat-bicicletas-infantiles","8":"first","9":"outofstock","10":"taxable","11":"shipping-taxable","12":"purchasable","13":"product-type-simple"},"_links":{"self":[{"href":"https:\/\/www.almacenflotablanca.com\/web\/wp-json\/wp\/v2\/product\/229533","targetHints":{"allow":["GET"]}}],"collection":[{"href":"https:\/\/www.almacenflotablanca.com\/web\/wp-json\/wp\/v2\/product"}],"about":[{"href":"https:\/\/www.almacenflotablanca.com\/web\/wp-json\/wp\/v2\/types\/product"}],"wp:featuredmedia":[{"embeddable":true,"href":"https:\/\/www.almacenflotablanca.com\/web\/wp-json\/wp\/v2\/media\/234182"}],"wp:attachment":[{"href":"https:\/\/www.almacenflotablanca.com\/web\/wp-json\/wp\/v2\/media?parent=229533"}],"wp:term":[{"taxonomy":"product_brand","embeddable":true,"href":"https:\/\/www.almacenflotablanca.com\/web\/wp-json\/wp\/v2\/product_brand?post=229533"},{"taxonomy":"product_cat","embeddable":true,"href":"https:\/\/www.almacenflotablanca.com\/web\/wp-json\/wp\/v2\/product_cat?post=229533"},{"taxonomy":"product_tag","embeddable":true,"href":"https:\/\/www.almacenflotablanca.com\/web\/wp-json\/wp\/v2\/product_tag?post=229533"}],"curies":[{"name":"wp","href":"https:\/\/api.w.org\/{rel}","templated":true}]}}