{"id":229539,"date":"2020-03-02T14:14:54","date_gmt":"2020-03-02T19:14:54","guid":{"rendered":"https:\/\/www.almacenflotablanca.com\/web\/?post_type=product&#038;p=229539"},"modified":"2026-04-15T16:10:45","modified_gmt":"2026-04-15T21:10:45","slug":"bicicleta-rin-12-gw-pilot","status":"publish","type":"product","link":"https:\/\/www.almacenflotablanca.com\/web\/producto\/bicicleta-rin-12-gw-pilot\/","title":{"rendered":"Bicicleta Rin 12 Gw Pilot"},"content":{"rendered":"<p>Bicicleta Rin 12 Gw Pilot, es otra l\u00ednea especial dise\u00f1ada para la diversi\u00f3n de los ni\u00f1os, incluye cubrecadena, Guardafangos, protector de marco con dise\u00f1o especial para la diversi\u00f3n y el juego a la hora de montar. Contiene unas ruedas auxiliares, esta es ideal para los ni\u00f1os que est\u00e1n comenzando a montar bicicleta puedan tener un mejor equilibrio que les permita adaptarse al movimiento sin temor de un tropiezo, ya que les permite estabilidad, agilidad y rendimiento a la hora de subir en la bicicleta.<\/p>\n<p>Nuestras bicicletas cuentan con componentes de excelente calidad, los cuales te brindaran la confianza y seguridad que necesitas, Mu\u00e9vete por donde quieras, por nuestras hermosas monta\u00f1as o por la ciudad, usa tu bicicleta para disfrutar de un d\u00eda de paseo por zonas rurales o para que vayas a tu trabajo, estudio o para que simplemente te diviertas.<\/p>\n","protected":false},"excerpt":{"rendered":"<p>&#8211; Tipo de freno: V-Brakes<br \/>\n&#8211; Materiales del cuadro: Acero<br \/>\n&#8211; Capacidad motriz en el desarrollo de los ni\u00f1os<br \/>\n&#8211; Edad apropiada desde los 2 a\u00f1os hasta los 4 a\u00f1os<\/p>\n","protected":false},"featured_media":233425,"template":"","meta":{"_et_pb_use_builder":"","_et_pb_old_content":"","_et_gb_content_width":""},"product_brand":[],"product_cat":[64],"product_tag":[],"class_list":{"0":"post-229539","1":"product","2":"type-product","3":"status-publish","4":"has-post-thumbnail","6":"product_cat-bicicletas-infantiles","8":"first","9":"outofstock","10":"taxable","11":"shipping-taxable","12":"purchasable","13":"product-type-simple"},"_links":{"self":[{"href":"https:\/\/www.almacenflotablanca.com\/web\/wp-json\/wp\/v2\/product\/229539","targetHints":{"allow":["GET"]}}],"collection":[{"href":"https:\/\/www.almacenflotablanca.com\/web\/wp-json\/wp\/v2\/product"}],"about":[{"href":"https:\/\/www.almacenflotablanca.com\/web\/wp-json\/wp\/v2\/types\/product"}],"wp:featuredmedia":[{"embeddable":true,"href":"https:\/\/www.almacenflotablanca.com\/web\/wp-json\/wp\/v2\/media\/233425"}],"wp:attachment":[{"href":"https:\/\/www.almacenflotablanca.com\/web\/wp-json\/wp\/v2\/media?parent=229539"}],"wp:term":[{"taxonomy":"product_brand","embeddable":true,"href":"https:\/\/www.almacenflotablanca.com\/web\/wp-json\/wp\/v2\/product_brand?post=229539"},{"taxonomy":"product_cat","embeddable":true,"href":"https:\/\/www.almacenflotablanca.com\/web\/wp-json\/wp\/v2\/product_cat?post=229539"},{"taxonomy":"product_tag","embeddable":true,"href":"https:\/\/www.almacenflotablanca.com\/web\/wp-json\/wp\/v2\/product_tag?post=229539"}],"curies":[{"name":"wp","href":"https:\/\/api.w.org\/{rel}","templated":true}]}}