{"id":229544,"date":"2020-03-02T14:56:07","date_gmt":"2020-03-02T19:56:07","guid":{"rendered":"https:\/\/www.almacenflotablanca.com\/web\/?post_type=product&#038;p=229544"},"modified":"2026-04-15T16:10:45","modified_gmt":"2026-04-15T21:10:45","slug":"bicicletas-rin12p-gw-stitch-extreme","status":"publish","type":"product","link":"https:\/\/www.almacenflotablanca.com\/web\/producto\/bicicletas-rin12p-gw-stitch-extreme\/","title":{"rendered":"Bicicletas Rin 12 Stitch Extreme Gw Roja"},"content":{"rendered":"<p>Bicicletas Rin12 Stitch Extreme Gw Roja. Bicicleta con ruedas de aprendizaje ideal para ni\u00f1os con edad entre los 3 y los 6 a\u00f1os. Cuenta con un cuadro de f\u00e1cil acceso y frenos para paseos tranquilos y en total seguridad. Dise\u00f1ado para los primeros paseos en bicicleta, para ni\u00f1os de 3 a 6 a\u00f1os (de 1,05 a 1,20 m de estatura).<\/p>\n<p>Nuestras bicicletas cuentan con componentes de excelente calidad, los cuales te brindaran la confianza y seguridad que necesitas, Mu\u00e9vete por donde quieras, por nuestras hermosas monta\u00f1as o por la ciudad, usa tu bicicleta para disfrutar de un d\u00eda de paseo por zonas rurales o para que vayas a tu trabajo, estudio o para que simplemente te diviertas.<\/p>\n","protected":false},"excerpt":{"rendered":"<p>&#8211; Marco GW Racing<br \/>\n&#8211; GW Extreme #120<br \/>\n&#8211; Sill\u00edn GW Contramarcado con Ajuste de Altura<br \/>\n&#8211; Cubre Cadena color Negro Referencia<br \/>\n&#8211; Edad apropiada desde los 2 a\u00f1os hasta los 4 a\u00f1os<\/p>\n","protected":false},"featured_media":233430,"template":"","meta":{"_et_pb_use_builder":"","_et_pb_old_content":"","_et_gb_content_width":""},"product_brand":[],"product_cat":[64],"product_tag":[],"class_list":{"0":"post-229544","1":"product","2":"type-product","3":"status-publish","4":"has-post-thumbnail","6":"product_cat-bicicletas-infantiles","8":"first","9":"outofstock","10":"taxable","11":"shipping-taxable","12":"purchasable","13":"product-type-simple"},"_links":{"self":[{"href":"https:\/\/www.almacenflotablanca.com\/web\/wp-json\/wp\/v2\/product\/229544","targetHints":{"allow":["GET"]}}],"collection":[{"href":"https:\/\/www.almacenflotablanca.com\/web\/wp-json\/wp\/v2\/product"}],"about":[{"href":"https:\/\/www.almacenflotablanca.com\/web\/wp-json\/wp\/v2\/types\/product"}],"wp:featuredmedia":[{"embeddable":true,"href":"https:\/\/www.almacenflotablanca.com\/web\/wp-json\/wp\/v2\/media\/233430"}],"wp:attachment":[{"href":"https:\/\/www.almacenflotablanca.com\/web\/wp-json\/wp\/v2\/media?parent=229544"}],"wp:term":[{"taxonomy":"product_brand","embeddable":true,"href":"https:\/\/www.almacenflotablanca.com\/web\/wp-json\/wp\/v2\/product_brand?post=229544"},{"taxonomy":"product_cat","embeddable":true,"href":"https:\/\/www.almacenflotablanca.com\/web\/wp-json\/wp\/v2\/product_cat?post=229544"},{"taxonomy":"product_tag","embeddable":true,"href":"https:\/\/www.almacenflotablanca.com\/web\/wp-json\/wp\/v2\/product_tag?post=229544"}],"curies":[{"name":"wp","href":"https:\/\/api.w.org\/{rel}","templated":true}]}}