{"id":229985,"date":"2020-03-09T18:40:51","date_gmt":"2020-03-09T23:40:51","guid":{"rendered":"https:\/\/www.almacenflotablanca.com\/web\/?post_type=product&#038;p=229985"},"modified":"2026-04-15T16:10:45","modified_gmt":"2026-04-15T21:10:45","slug":"bicicleta-rin-20p-gw-stitch-extreme","status":"publish","type":"product","link":"https:\/\/www.almacenflotablanca.com\/web\/producto\/bicicleta-rin-20p-gw-stitch-extreme\/","title":{"rendered":"Bicicleta Rin 20 Stitch Extreme Gw Roja"},"content":{"rendered":"<p>Bicicleta Rin 20 Stitch Extreme Gw Roja, es la nueva bicicleta de GW rin 20 para ni\u00f1os y ni\u00f1as desde 7 hasta 12 a\u00f1os, muy vers\u00e1til y resistente por su marco GW de soldaduras reforzadas. Incluye accesorios lo que la hace a\u00fan m\u00e1s atractiva, incluye accesorios: Timbre, Cubre cadena, Guardafangos, Pata o Paral, Reflectores de rueda. Tenemos diferentes modelos de bicicletas, con el fin de ofrecer gran variedad a nuestros clientes en toda la l\u00ednea que tenemos a tu disposici\u00f3n, garantizando calidad e innovaci\u00f3n y lo mejor con el precio m\u00e1s atractivo del mercado.<\/p>\n<p>Nuestras bicicletas cuentan con componentes de excelente calidad, los cuales te brindaran la confianza y seguridad que necesitas, Mu\u00e9vete por donde quieras, por nuestras hermosas monta\u00f1as o por la ciudad, usa tu bicicleta para disfrutar de un d\u00eda de paseo por zonas rurales o para que vayas a tu trabajo, estudio o para que simplemente te diviertas.<\/p>\n","protected":false},"excerpt":{"rendered":"<p>&#8211; Material: Marco Acero<br \/>\n&#8211; Freno: V &#8211; Brake<br \/>\n&#8211; Avance: De pedales<br \/>\n&#8211; Edades recomendadas: De 7 a 12 a\u00f1os<br \/>\n&#8211; Tama\u00f1o de rueda: Rin 20&#8243;<\/p>\n","protected":false},"featured_media":233408,"template":"","meta":{"_et_pb_use_builder":"","_et_pb_old_content":"","_et_gb_content_width":""},"product_brand":[],"product_cat":[64],"product_tag":[],"class_list":{"0":"post-229985","1":"product","2":"type-product","3":"status-publish","4":"has-post-thumbnail","6":"product_cat-bicicletas-infantiles","8":"first","9":"instock","10":"taxable","11":"shipping-taxable","12":"purchasable","13":"product-type-simple"},"_links":{"self":[{"href":"https:\/\/www.almacenflotablanca.com\/web\/wp-json\/wp\/v2\/product\/229985","targetHints":{"allow":["GET"]}}],"collection":[{"href":"https:\/\/www.almacenflotablanca.com\/web\/wp-json\/wp\/v2\/product"}],"about":[{"href":"https:\/\/www.almacenflotablanca.com\/web\/wp-json\/wp\/v2\/types\/product"}],"wp:featuredmedia":[{"embeddable":true,"href":"https:\/\/www.almacenflotablanca.com\/web\/wp-json\/wp\/v2\/media\/233408"}],"wp:attachment":[{"href":"https:\/\/www.almacenflotablanca.com\/web\/wp-json\/wp\/v2\/media?parent=229985"}],"wp:term":[{"taxonomy":"product_brand","embeddable":true,"href":"https:\/\/www.almacenflotablanca.com\/web\/wp-json\/wp\/v2\/product_brand?post=229985"},{"taxonomy":"product_cat","embeddable":true,"href":"https:\/\/www.almacenflotablanca.com\/web\/wp-json\/wp\/v2\/product_cat?post=229985"},{"taxonomy":"product_tag","embeddable":true,"href":"https:\/\/www.almacenflotablanca.com\/web\/wp-json\/wp\/v2\/product_tag?post=229985"}],"curies":[{"name":"wp","href":"https:\/\/api.w.org\/{rel}","templated":true}]}}