{"id":229996,"date":"2020-03-11T15:16:14","date_gmt":"2020-03-11T20:16:14","guid":{"rendered":"https:\/\/www.almacenflotablanca.com\/web\/?post_type=product&#038;p=229996"},"modified":"2026-04-15T16:10:51","modified_gmt":"2026-04-15T21:10:51","slug":"moto-electrica-jk-jb03-rojo-verde-freestyle","status":"publish","type":"product","link":"https:\/\/www.almacenflotablanca.com\/web\/producto\/moto-electrica-jk-jb03-rojo-verde-freestyle\/","title":{"rendered":"Moto Electrica Jk-Jb03 Rojo &#8211; Verde Freestyle"},"content":{"rendered":"<p>Moto para ni\u00f1os Montable el\u00e9ctrico, dise\u00f1o realista, los peque\u00f1os sentir\u00e1n que manejan una Motocicleta de verdad, tablero con Luces como en una moto de verdad. Volante multifuncional con sonidos, acelerador con manija, Marcha adelante\/reversa, bater\u00eda seca recargable 1 x 12 volts (Incluye cargador). Indicador de carga de bater\u00eda. 1 Motor, velocidad 2.5 km\/hr, 2.5 de autonom\u00eda. Espacio para 1 ni\u00f1os(as). Ruedas con banda de hule para una mayor tracci\u00f3n, Rines deportivos y cromados, luces delanteras que encienden. (Luces y sonidos ya van conectados con la bater\u00eda). Edad recomendada de 5 a\u00f1os en Adelante. Pasar\u00e1n horas de diversi\u00f3n en su nuevo Juguete. Llantas de apoyo para mayor estabilidad (se pueden quitar)<\/p>\n","protected":false},"excerpt":{"rendered":"<ul>\n<li> &#8211; Bater\u00eda de 6 voltios <\/li>\n<li> &#8211; Pulsador de avance en la direcci\u00f3n <\/li>\n<li> &#8211; Marcha hacia delante, <\/li>\n<li> &#8211; Ruedas auxiliares <\/li>\n<li> &#8211; Colores verde, amarillo, rojo y azul <\/li>\n<\/ul>\n","protected":false},"featured_media":233863,"template":"","meta":{"_et_pb_use_builder":"","_et_pb_old_content":"","_et_gb_content_width":""},"product_brand":[],"product_cat":[63,77],"product_tag":[],"class_list":{"0":"post-229996","1":"product","2":"type-product","3":"status-publish","4":"has-post-thumbnail","6":"product_cat-jugueteria","7":"product_cat-motos-de-bateria","9":"first","10":"outofstock","11":"taxable","12":"shipping-taxable","13":"purchasable","14":"product-type-simple"},"_links":{"self":[{"href":"https:\/\/www.almacenflotablanca.com\/web\/wp-json\/wp\/v2\/product\/229996","targetHints":{"allow":["GET"]}}],"collection":[{"href":"https:\/\/www.almacenflotablanca.com\/web\/wp-json\/wp\/v2\/product"}],"about":[{"href":"https:\/\/www.almacenflotablanca.com\/web\/wp-json\/wp\/v2\/types\/product"}],"wp:featuredmedia":[{"embeddable":true,"href":"https:\/\/www.almacenflotablanca.com\/web\/wp-json\/wp\/v2\/media\/233863"}],"wp:attachment":[{"href":"https:\/\/www.almacenflotablanca.com\/web\/wp-json\/wp\/v2\/media?parent=229996"}],"wp:term":[{"taxonomy":"product_brand","embeddable":true,"href":"https:\/\/www.almacenflotablanca.com\/web\/wp-json\/wp\/v2\/product_brand?post=229996"},{"taxonomy":"product_cat","embeddable":true,"href":"https:\/\/www.almacenflotablanca.com\/web\/wp-json\/wp\/v2\/product_cat?post=229996"},{"taxonomy":"product_tag","embeddable":true,"href":"https:\/\/www.almacenflotablanca.com\/web\/wp-json\/wp\/v2\/product_tag?post=229996"}],"curies":[{"name":"wp","href":"https:\/\/api.w.org\/{rel}","templated":true}]}}