{"id":230031,"date":"2020-03-18T18:46:00","date_gmt":"2020-03-18T23:46:00","guid":{"rendered":"https:\/\/www.almacenflotablanca.com\/web\/?post_type=product&#038;p=230031"},"modified":"2026-04-15T16:11:01","modified_gmt":"2026-04-15T21:11:01","slug":"adaptacion-triceps-con-tope-sport-fitness-071120-kfep-107-cromado","status":"publish","type":"product","link":"https:\/\/www.almacenflotablanca.com\/web\/producto\/adaptacion-triceps-con-tope-sport-fitness-071120-kfep-107-cromado\/","title":{"rendered":"Adaptaci\u00f3n Tr\u00edceps Con Tope Sport Fitness"},"content":{"rendered":"<p>Adaptaci\u00f3n Tr\u00edceps Con Tope Sport Fitness, esta adaptaci\u00f3n tiene un excelente acabado, el acero cromado que se utiliza en este producto brinda al usuario una seguridad extra, ya que los materiales de los cuales est\u00e1n hechas transmiten una sensaci\u00f3n premium. En hierro cromado, en \u00abv\u00bb con topes para mejor agarre.<\/p>\n<p>La marca numer\u00f3 uno de Colombia en art\u00edculos de fitness por unidades vendidas. Sport fitness es una marca muy reconocida en todo el territorio nacional y por eso llega a todos los rincones y espacios donde haya un entusiasta o un profesional del ejercicio f\u00edsico.<\/p>\n","protected":false},"excerpt":{"rendered":"<p>&#8211; Material en hierro<br \/>\n&#8211; Pintura electroest\u00e1tica<br \/>\n&#8211; Ideal para b\u00edceps, tr\u00edceps<br \/>\n&#8211; Uso:Profesional e Institucional<\/p>\n","protected":false},"featured_media":233398,"template":"","meta":{"_et_pb_use_builder":"","_et_pb_old_content":"","_et_gb_content_width":""},"product_brand":[],"product_cat":[153],"product_tag":[],"class_list":{"0":"post-230031","1":"product","2":"type-product","3":"status-publish","4":"has-post-thumbnail","6":"product_cat-adaptaciones","8":"first","9":"instock","10":"taxable","11":"shipping-taxable","12":"purchasable","13":"product-type-simple"},"_links":{"self":[{"href":"https:\/\/www.almacenflotablanca.com\/web\/wp-json\/wp\/v2\/product\/230031","targetHints":{"allow":["GET"]}}],"collection":[{"href":"https:\/\/www.almacenflotablanca.com\/web\/wp-json\/wp\/v2\/product"}],"about":[{"href":"https:\/\/www.almacenflotablanca.com\/web\/wp-json\/wp\/v2\/types\/product"}],"wp:featuredmedia":[{"embeddable":true,"href":"https:\/\/www.almacenflotablanca.com\/web\/wp-json\/wp\/v2\/media\/233398"}],"wp:attachment":[{"href":"https:\/\/www.almacenflotablanca.com\/web\/wp-json\/wp\/v2\/media?parent=230031"}],"wp:term":[{"taxonomy":"product_brand","embeddable":true,"href":"https:\/\/www.almacenflotablanca.com\/web\/wp-json\/wp\/v2\/product_brand?post=230031"},{"taxonomy":"product_cat","embeddable":true,"href":"https:\/\/www.almacenflotablanca.com\/web\/wp-json\/wp\/v2\/product_cat?post=230031"},{"taxonomy":"product_tag","embeddable":true,"href":"https:\/\/www.almacenflotablanca.com\/web\/wp-json\/wp\/v2\/product_tag?post=230031"}],"curies":[{"name":"wp","href":"https:\/\/api.w.org\/{rel}","templated":true}]}}