{"id":230141,"date":"2020-03-28T21:53:58","date_gmt":"2020-03-29T02:53:58","guid":{"rendered":"https:\/\/www.almacenflotablanca.com\/web\/?post_type=product&#038;p=230141"},"modified":"2026-04-15T16:11:16","modified_gmt":"2026-04-15T21:11:16","slug":"guantes-boxeo-fundamentacion-14-oz-sport-fitness-074004-negro","status":"publish","type":"product","link":"https:\/\/www.almacenflotablanca.com\/web\/producto\/guantes-boxeo-fundamentacion-14-oz-sport-fitness-074004-negro\/","title":{"rendered":"Guantes Boxeo Fundamentaci\u00f3n 14 Oz Sport Fitness Negro"},"content":{"rendered":"<p>Guantes Boxeo Fundamentaci\u00f3n 14 Oz Sport Fitness Negro, dise\u00f1ados para que te acompa\u00f1e durante tus entrenamientos o combates. Est\u00e1n fabricados en cuero sint\u00e9tico forrado internamente con espuma moldeada para brindarte una m\u00e1xima absorci\u00f3n de impacto. Una de sus grandes ventajas es que se ajusta a la forma natural del pu\u00f1o, por lo que te brindar\u00e1 gran comodidad en cada golpe. Guantes de boxeo para entrenamiento de 14 Oz, calidad para entrenamiento de golpe y velocidad, almohadillas gruesas en los nudillos para protegerlos de la abrasi\u00f3n por el contacto sin guantes, relleno de espuma densa para la protecci\u00f3n y absorci\u00f3n de impactos.<\/p>\n","protected":false},"excerpt":{"rendered":"<p>&#8211; Espuma aglomerada + EVA<br \/>\n&#8211; Superficie en PU<br \/>\n&#8211; Ajuste de mu\u00f1eca con velcro<br \/>\n&#8211; Mayado en la palma<br \/>\n&#8211; Uso: dom\u00e9stico e institucional<\/p>\n","protected":false},"featured_media":233384,"template":"","meta":{"_et_pb_use_builder":"","_et_pb_old_content":"","_et_gb_content_width":""},"product_brand":[],"product_cat":[81],"product_tag":[],"class_list":{"0":"post-230141","1":"product","2":"type-product","3":"status-publish","4":"has-post-thumbnail","6":"product_cat-boxeo","8":"first","9":"instock","10":"taxable","11":"shipping-taxable","12":"purchasable","13":"product-type-simple"},"_links":{"self":[{"href":"https:\/\/www.almacenflotablanca.com\/web\/wp-json\/wp\/v2\/product\/230141","targetHints":{"allow":["GET"]}}],"collection":[{"href":"https:\/\/www.almacenflotablanca.com\/web\/wp-json\/wp\/v2\/product"}],"about":[{"href":"https:\/\/www.almacenflotablanca.com\/web\/wp-json\/wp\/v2\/types\/product"}],"wp:featuredmedia":[{"embeddable":true,"href":"https:\/\/www.almacenflotablanca.com\/web\/wp-json\/wp\/v2\/media\/233384"}],"wp:attachment":[{"href":"https:\/\/www.almacenflotablanca.com\/web\/wp-json\/wp\/v2\/media?parent=230141"}],"wp:term":[{"taxonomy":"product_brand","embeddable":true,"href":"https:\/\/www.almacenflotablanca.com\/web\/wp-json\/wp\/v2\/product_brand?post=230141"},{"taxonomy":"product_cat","embeddable":true,"href":"https:\/\/www.almacenflotablanca.com\/web\/wp-json\/wp\/v2\/product_cat?post=230141"},{"taxonomy":"product_tag","embeddable":true,"href":"https:\/\/www.almacenflotablanca.com\/web\/wp-json\/wp\/v2\/product_tag?post=230141"}],"curies":[{"name":"wp","href":"https:\/\/api.w.org\/{rel}","templated":true}]}}