{"id":230166,"date":"2020-03-31T00:30:06","date_gmt":"2020-03-31T05:30:06","guid":{"rendered":"https:\/\/www.almacenflotablanca.com\/web\/?post_type=product&#038;p=230166"},"modified":"2026-04-15T16:11:17","modified_gmt":"2026-04-15T21:11:17","slug":"mascara-protectora-entrenamiento-sport-fitness-lot-074017-bx1401-negro-con-verde","status":"publish","type":"product","link":"https:\/\/www.almacenflotablanca.com\/web\/producto\/mascara-protectora-entrenamiento-sport-fitness-lot-074017-bx1401-negro-con-verde\/","title":{"rendered":"Mascara Protectora Entrenamiento Sport Fitness Lot 074017 Bx1401 Negro Con Verde"},"content":{"rendered":"<p>Mascara protectora para entrenamiento material de cuero sint\u00e9tico ajuste inferior y posterior en velcro. Relleno de espuma densa para la protecci\u00f3n y absorci\u00f3n de impactos, uso domestico.<\/p>\n","protected":false},"excerpt":{"rendered":"<p>Mascara protectora para entrenamiento material de cuero sint\u00e9tico ajuste inferior y posterior en velcro. Relleno de espuma densa para la protecci\u00f3n y absorci\u00f3n de impactos, uso domestico.<\/p>\n","protected":false},"featured_media":233382,"template":"","meta":{"_et_pb_use_builder":"","_et_pb_old_content":"","_et_gb_content_width":""},"product_brand":[],"product_cat":[81],"product_tag":[],"class_list":{"0":"post-230166","1":"product","2":"type-product","3":"status-publish","4":"has-post-thumbnail","6":"product_cat-boxeo","8":"first","9":"instock","10":"taxable","11":"shipping-taxable","12":"purchasable","13":"product-type-simple"},"_links":{"self":[{"href":"https:\/\/www.almacenflotablanca.com\/web\/wp-json\/wp\/v2\/product\/230166","targetHints":{"allow":["GET"]}}],"collection":[{"href":"https:\/\/www.almacenflotablanca.com\/web\/wp-json\/wp\/v2\/product"}],"about":[{"href":"https:\/\/www.almacenflotablanca.com\/web\/wp-json\/wp\/v2\/types\/product"}],"wp:featuredmedia":[{"embeddable":true,"href":"https:\/\/www.almacenflotablanca.com\/web\/wp-json\/wp\/v2\/media\/233382"}],"wp:attachment":[{"href":"https:\/\/www.almacenflotablanca.com\/web\/wp-json\/wp\/v2\/media?parent=230166"}],"wp:term":[{"taxonomy":"product_brand","embeddable":true,"href":"https:\/\/www.almacenflotablanca.com\/web\/wp-json\/wp\/v2\/product_brand?post=230166"},{"taxonomy":"product_cat","embeddable":true,"href":"https:\/\/www.almacenflotablanca.com\/web\/wp-json\/wp\/v2\/product_cat?post=230166"},{"taxonomy":"product_tag","embeddable":true,"href":"https:\/\/www.almacenflotablanca.com\/web\/wp-json\/wp\/v2\/product_tag?post=230166"}],"curies":[{"name":"wp","href":"https:\/\/api.w.org\/{rel}","templated":true}]}}