{"id":230191,"date":"2020-04-03T18:41:41","date_gmt":"2020-04-03T23:41:41","guid":{"rendered":"https:\/\/www.almacenflotablanca.com\/web\/?post_type=product&#038;p=230191"},"modified":"2026-04-15T16:11:11","modified_gmt":"2026-04-15T21:11:11","slug":"estuche-para-celular-sport-fitness-as3615-071596","status":"publish","type":"product","link":"https:\/\/www.almacenflotablanca.com\/web\/producto\/estuche-para-celular-sport-fitness-as3615-071596\/","title":{"rendered":"Estuche Para Celular Sport Fitness Negro"},"content":{"rendered":"<p>Estuche Para Celular Sport Fitness Negro. Brazaletes multifuncionales para hacer ejercicio y hacer ejercicio f\u00edsico. Brazalete telef\u00f3nico: no importa que sean hombres y mujeres, j\u00f3venes, ni\u00f1as o ni\u00f1os, le funciona bien haciendo deporte al aire libre, correr, practicar senderismo, montar a caballo, andar en bicicleta, trotar, viajar, acampar, ir al gimnasio, escalar y Ocio diario. El material suave mantiene tu tel\u00e9fono tan nuevo como lo ha comprado hoy acceso a todos los puertos, botones y ranuras para un uso f\u00e1cil. Puedes correr, montar, levantar y m\u00e1s sin perder un segundo de tus canciones favoritas.<\/p>\n","protected":false},"excerpt":{"rendered":"<p>&#8211; Material de la funda, 50% NEOPRENO, 50% POLI\u00c9STER<br \/>\n&#8211; Gran capacidad<br \/>\n&#8211; Puertos de auriculares de f\u00e1cil acceso<br \/>\n&#8211; C\u00f3modo y ligero<\/p>\n","protected":false},"featured_media":235590,"template":"","meta":{"_et_pb_use_builder":"","_et_pb_old_content":"","_et_gb_content_width":""},"product_brand":[],"product_cat":[144],"product_tag":[],"class_list":{"0":"post-230191","1":"product","2":"type-product","3":"status-publish","4":"has-post-thumbnail","6":"product_cat-rinonera","8":"first","9":"instock","10":"taxable","11":"shipping-taxable","12":"purchasable","13":"product-type-simple"},"_links":{"self":[{"href":"https:\/\/www.almacenflotablanca.com\/web\/wp-json\/wp\/v2\/product\/230191","targetHints":{"allow":["GET"]}}],"collection":[{"href":"https:\/\/www.almacenflotablanca.com\/web\/wp-json\/wp\/v2\/product"}],"about":[{"href":"https:\/\/www.almacenflotablanca.com\/web\/wp-json\/wp\/v2\/types\/product"}],"wp:featuredmedia":[{"embeddable":true,"href":"https:\/\/www.almacenflotablanca.com\/web\/wp-json\/wp\/v2\/media\/235590"}],"wp:attachment":[{"href":"https:\/\/www.almacenflotablanca.com\/web\/wp-json\/wp\/v2\/media?parent=230191"}],"wp:term":[{"taxonomy":"product_brand","embeddable":true,"href":"https:\/\/www.almacenflotablanca.com\/web\/wp-json\/wp\/v2\/product_brand?post=230191"},{"taxonomy":"product_cat","embeddable":true,"href":"https:\/\/www.almacenflotablanca.com\/web\/wp-json\/wp\/v2\/product_cat?post=230191"},{"taxonomy":"product_tag","embeddable":true,"href":"https:\/\/www.almacenflotablanca.com\/web\/wp-json\/wp\/v2\/product_tag?post=230191"}],"curies":[{"name":"wp","href":"https:\/\/api.w.org\/{rel}","templated":true}]}}