{"id":230193,"date":"2020-04-03T19:08:02","date_gmt":"2020-04-04T00:08:02","guid":{"rendered":"https:\/\/www.almacenflotablanca.com\/web\/?post_type=product&#038;p=230193"},"modified":"2026-04-15T16:12:00","modified_gmt":"2026-04-15T21:12:00","slug":"mascara-de-simulacion-de-altura-phanton-sport-fitness-818176-gris-con-negro","status":"publish","type":"product","link":"https:\/\/www.almacenflotablanca.com\/web\/producto\/mascara-de-simulacion-de-altura-phanton-sport-fitness-818176-gris-con-negro\/","title":{"rendered":"Mascara De Simulacion De Altura Phanton Sport Fitness 818176 Gris Con Negro"},"content":{"rendered":"<p>Mascara De Simulaci\u00f3n De Altura, Sport Fitness, 818175-1 esta hecho con materiales bastante buenos cuenta con un nivel de dificultad, los que hace restringir el paso de aire para as\u00ed fortalecer el diafragma y muchos otros m\u00fasculos que se encuentran presentes en la respiraci\u00f3n, esto los que hace es que esfuerza un poco mas el cuerpo.<\/p>\n","protected":false},"excerpt":{"rendered":"<p>Mascara De Simulaci\u00f3n De Altura, Sport Fitness, 818175-1 esta hecho con materiales bastante buenos cuenta con un nivel de dificultad, los que hace restringir el paso de aire para as\u00ed fortalecer el diafragma y muchos otros m\u00fasculos que se encuentran presentes en la respiraci\u00f3n, esto los que hace es que esfuerza un poco mas el [&hellip;]<\/p>\n","protected":false},"featured_media":233371,"template":"","meta":{"_et_pb_use_builder":"","_et_pb_old_content":"","_et_gb_content_width":""},"product_brand":[],"product_cat":[161],"product_tag":[],"class_list":{"0":"post-230193","1":"product","2":"type-product","3":"status-publish","4":"has-post-thumbnail","6":"product_cat-mascaras-de-altitud","8":"first","9":"instock","10":"taxable","11":"shipping-taxable","12":"purchasable","13":"product-type-simple"},"_links":{"self":[{"href":"https:\/\/www.almacenflotablanca.com\/web\/wp-json\/wp\/v2\/product\/230193","targetHints":{"allow":["GET"]}}],"collection":[{"href":"https:\/\/www.almacenflotablanca.com\/web\/wp-json\/wp\/v2\/product"}],"about":[{"href":"https:\/\/www.almacenflotablanca.com\/web\/wp-json\/wp\/v2\/types\/product"}],"wp:featuredmedia":[{"embeddable":true,"href":"https:\/\/www.almacenflotablanca.com\/web\/wp-json\/wp\/v2\/media\/233371"}],"wp:attachment":[{"href":"https:\/\/www.almacenflotablanca.com\/web\/wp-json\/wp\/v2\/media?parent=230193"}],"wp:term":[{"taxonomy":"product_brand","embeddable":true,"href":"https:\/\/www.almacenflotablanca.com\/web\/wp-json\/wp\/v2\/product_brand?post=230193"},{"taxonomy":"product_cat","embeddable":true,"href":"https:\/\/www.almacenflotablanca.com\/web\/wp-json\/wp\/v2\/product_cat?post=230193"},{"taxonomy":"product_tag","embeddable":true,"href":"https:\/\/www.almacenflotablanca.com\/web\/wp-json\/wp\/v2\/product_tag?post=230193"}],"curies":[{"name":"wp","href":"https:\/\/api.w.org\/{rel}","templated":true}]}}