{"id":230215,"date":"2020-04-06T23:06:28","date_gmt":"2020-04-07T04:06:28","guid":{"rendered":"https:\/\/www.almacenflotablanca.com\/web\/?post_type=product&#038;p=230215"},"modified":"2026-04-15T16:10:56","modified_gmt":"2026-04-15T21:10:56","slug":"barra-mancuerna-35cm-sport-fitness-070109-cromada","status":"publish","type":"product","link":"https:\/\/www.almacenflotablanca.com\/web\/producto\/barra-mancuerna-35cm-sport-fitness-070109-cromada\/","title":{"rendered":"Barra Mancuerna 35cm Sport Fitness Cromada"},"content":{"rendered":"<p>Barra Mancuerna 35\u202fcm Sport Fitness Cromada, barra para mancuernas en acero cromado con agarre antideslizante,\u00a0Contiene 2 seguros roscados para los discos, apto para discos medida est\u00e1ndar. Es una herramienta muy vers\u00e1til que te brindar\u00e1 grandes beneficios para tu entrenamiento personal, donde podr\u00e1s entrenar los b\u00edceps, tr\u00edceps, antebrazos y hombros. Adem\u00e1s, te ofrece un agarre neutro y m\u00e1s c\u00f3modo para poder realizar diferentes ejercicios, entre ellos el curl de martillo, que gracias a su agarre te ayudara a evitar posibles lesiones en las mu\u00f1ecas o hacer movimientos bruscos.<\/p>\n","protected":false},"excerpt":{"rendered":"<ul>\n<li> &#8211; Para discos est\u00e2ndar <\/li>\n<li> &#8211; Uso: Dom\u00e9stico Premium, Institucional y profesional. <\/li>\n<li> &#8211; 2 seguros roscados. <\/li>\n<\/ul>\n","protected":false},"featured_media":233369,"template":"","meta":{"_et_pb_use_builder":"","_et_pb_old_content":"","_et_gb_content_width":""},"product_brand":[],"product_cat":[104],"product_tag":[],"class_list":{"0":"post-230215","1":"product","2":"type-product","3":"status-publish","4":"has-post-thumbnail","6":"product_cat-barras","8":"first","9":"instock","10":"taxable","11":"shipping-taxable","12":"purchasable","13":"product-type-simple"},"_links":{"self":[{"href":"https:\/\/www.almacenflotablanca.com\/web\/wp-json\/wp\/v2\/product\/230215","targetHints":{"allow":["GET"]}}],"collection":[{"href":"https:\/\/www.almacenflotablanca.com\/web\/wp-json\/wp\/v2\/product"}],"about":[{"href":"https:\/\/www.almacenflotablanca.com\/web\/wp-json\/wp\/v2\/types\/product"}],"wp:featuredmedia":[{"embeddable":true,"href":"https:\/\/www.almacenflotablanca.com\/web\/wp-json\/wp\/v2\/media\/233369"}],"wp:attachment":[{"href":"https:\/\/www.almacenflotablanca.com\/web\/wp-json\/wp\/v2\/media?parent=230215"}],"wp:term":[{"taxonomy":"product_brand","embeddable":true,"href":"https:\/\/www.almacenflotablanca.com\/web\/wp-json\/wp\/v2\/product_brand?post=230215"},{"taxonomy":"product_cat","embeddable":true,"href":"https:\/\/www.almacenflotablanca.com\/web\/wp-json\/wp\/v2\/product_cat?post=230215"},{"taxonomy":"product_tag","embeddable":true,"href":"https:\/\/www.almacenflotablanca.com\/web\/wp-json\/wp\/v2\/product_tag?post=230215"}],"curies":[{"name":"wp","href":"https:\/\/api.w.org\/{rel}","templated":true}]}}