{"id":230219,"date":"2020-04-06T23:52:56","date_gmt":"2020-04-07T04:52:56","guid":{"rendered":"https:\/\/www.almacenflotablanca.com\/web\/?post_type=product&#038;p=230219"},"modified":"2026-04-15T16:10:56","modified_gmt":"2026-04-15T21:10:56","slug":"barra-en-z-para-pesas-1-2mx2-5cm-sport-fitness-070111-cromada","status":"publish","type":"product","link":"https:\/\/www.almacenflotablanca.com\/web\/producto\/barra-en-z-para-pesas-1-2mx2-5cm-sport-fitness-070111-cromada\/","title":{"rendered":"Barra En Z Para Pesas 1.2mx2.5cm Sport Fitness 070111 Cromada"},"content":{"rendered":"<p>Barra En Z Para Pesas 1.2mx2.5cm Sport Fitness 070111 Cromada, La Barra Z 120 Cm, es ideal para trabajar y tonificar los brazos y su funci\u00f3n principal es construir m\u00fasculos. Gracias a su forma, esta le permite ejercitar m\u00fasculos m\u00e1s peque\u00f1os, como b\u00edceps y tr\u00edceps. Cuenta con menos peso que una barra convencional. es una herramienta muy vers\u00e1til que te brindar\u00e1 grandes beneficios para tu entrenamiento personal, donde podr\u00e1s entrenar los b\u00edceps, tr\u00edceps, antebrazos y hombros.<\/p>\n<p>Adem\u00e1s, te ofrece un agarre neutro y m\u00e1s c\u00f3modo para poder realizar diferentes ejercicios, entre ellos el curl de martillo, que gracias a su agarre te ayudara a evitar posibles lesiones en las mu\u00f1ecas o hacer movimientos bruscos.<\/p>\n","protected":false},"excerpt":{"rendered":"<ul>\n<li>&#8211; Posee 2 seguros mariposa para mayor ajuste si desea colocar discos<\/li>\n<li>&#8211; Tonifica m\u00fasculos<\/li>\n<li>&#8211; Alto rendimiento<\/li>\n<\/ul>\n","protected":false},"featured_media":233368,"template":"","meta":{"_et_pb_use_builder":"","_et_pb_old_content":"","_et_gb_content_width":""},"product_brand":[],"product_cat":[104],"product_tag":[],"class_list":{"0":"post-230219","1":"product","2":"type-product","3":"status-publish","4":"has-post-thumbnail","6":"product_cat-barras","8":"first","9":"instock","10":"taxable","11":"shipping-taxable","12":"purchasable","13":"product-type-simple"},"_links":{"self":[{"href":"https:\/\/www.almacenflotablanca.com\/web\/wp-json\/wp\/v2\/product\/230219","targetHints":{"allow":["GET"]}}],"collection":[{"href":"https:\/\/www.almacenflotablanca.com\/web\/wp-json\/wp\/v2\/product"}],"about":[{"href":"https:\/\/www.almacenflotablanca.com\/web\/wp-json\/wp\/v2\/types\/product"}],"wp:featuredmedia":[{"embeddable":true,"href":"https:\/\/www.almacenflotablanca.com\/web\/wp-json\/wp\/v2\/media\/233368"}],"wp:attachment":[{"href":"https:\/\/www.almacenflotablanca.com\/web\/wp-json\/wp\/v2\/media?parent=230219"}],"wp:term":[{"taxonomy":"product_brand","embeddable":true,"href":"https:\/\/www.almacenflotablanca.com\/web\/wp-json\/wp\/v2\/product_brand?post=230219"},{"taxonomy":"product_cat","embeddable":true,"href":"https:\/\/www.almacenflotablanca.com\/web\/wp-json\/wp\/v2\/product_cat?post=230219"},{"taxonomy":"product_tag","embeddable":true,"href":"https:\/\/www.almacenflotablanca.com\/web\/wp-json\/wp\/v2\/product_tag?post=230219"}],"curies":[{"name":"wp","href":"https:\/\/api.w.org\/{rel}","templated":true}]}}