{"id":230333,"date":"2020-04-08T18:57:27","date_gmt":"2020-04-08T23:57:27","guid":{"rendered":"https:\/\/www.almacenflotablanca.com\/web\/?post_type=product&#038;p=230333"},"modified":"2026-04-15T16:10:56","modified_gmt":"2026-04-15T21:10:56","slug":"barra-en-z-curva-de-potencia-120cm-sport-fitness-070110-cromada","status":"publish","type":"product","link":"https:\/\/www.almacenflotablanca.com\/web\/producto\/barra-en-z-curva-de-potencia-120cm-sport-fitness-070110-cromada\/","title":{"rendered":"Barra En Z Curva De Potencia 120cm Sport Fitness 070110 Cromada"},"content":{"rendered":"<p>Barra En Z Curva De Potencia 120\u202fcm Sport Fitness 070110 Cromada. Barra Curva Z 120\u202fcm Profesional Pesas Entrenamiento Gym uno de sus beneficios es fortalecer el sistema cardiovascular, mejora la circulaci\u00f3n sangu\u00ednea. Tambi\u00e9n elimina los excesos de grasa en el cuerpo. Encuentras los productos de Sport fitness, una de las marcas m\u00e1s reconocidas en accesorios deportivos y productos enfocados al deporte ideales para el hogar, oficina y \u00e1reas libres.<\/p>\n<p>Cada uno de los productos de Sport Fitness est\u00e1n fabricados con materiales de alta calidad y tecnolog\u00eda de \u00faltima generaci\u00f3n para proporcionarte la comodidad y seguridad que siempre has buscado.<\/p>\n","protected":false},"excerpt":{"rendered":"<ul>\n<li> &#8211; Material: Acero <\/li>\n<li> &#8211; Funcionalidad: Fuerza <\/li>\n<li> &#8211; Contiene 2 seguros roscados para discos <\/li>\n<\/ul>\n","protected":false},"featured_media":233399,"template":"","meta":{"_et_pb_use_builder":"","_et_pb_old_content":"","_et_gb_content_width":""},"product_brand":[],"product_cat":[104],"product_tag":[],"class_list":{"0":"post-230333","1":"product","2":"type-product","3":"status-publish","4":"has-post-thumbnail","6":"product_cat-barras","8":"first","9":"instock","10":"taxable","11":"shipping-taxable","12":"purchasable","13":"product-type-simple"},"_links":{"self":[{"href":"https:\/\/www.almacenflotablanca.com\/web\/wp-json\/wp\/v2\/product\/230333","targetHints":{"allow":["GET"]}}],"collection":[{"href":"https:\/\/www.almacenflotablanca.com\/web\/wp-json\/wp\/v2\/product"}],"about":[{"href":"https:\/\/www.almacenflotablanca.com\/web\/wp-json\/wp\/v2\/types\/product"}],"wp:featuredmedia":[{"embeddable":true,"href":"https:\/\/www.almacenflotablanca.com\/web\/wp-json\/wp\/v2\/media\/233399"}],"wp:attachment":[{"href":"https:\/\/www.almacenflotablanca.com\/web\/wp-json\/wp\/v2\/media?parent=230333"}],"wp:term":[{"taxonomy":"product_brand","embeddable":true,"href":"https:\/\/www.almacenflotablanca.com\/web\/wp-json\/wp\/v2\/product_brand?post=230333"},{"taxonomy":"product_cat","embeddable":true,"href":"https:\/\/www.almacenflotablanca.com\/web\/wp-json\/wp\/v2\/product_cat?post=230333"},{"taxonomy":"product_tag","embeddable":true,"href":"https:\/\/www.almacenflotablanca.com\/web\/wp-json\/wp\/v2\/product_tag?post=230333"}],"curies":[{"name":"wp","href":"https:\/\/api.w.org\/{rel}","templated":true}]}}