{"id":230351,"date":"2020-04-14T00:45:55","date_gmt":"2020-04-14T05:45:55","guid":{"rendered":"https:\/\/www.almacenflotablanca.com\/web\/?post_type=product&#038;p=230351"},"modified":"2026-04-15T16:11:04","modified_gmt":"2026-04-15T21:11:04","slug":"rack-para-barras-olimpicas-y-barras-estandar-sport-fitness-negro","status":"publish","type":"product","link":"https:\/\/www.almacenflotablanca.com\/web\/producto\/rack-para-barras-olimpicas-y-barras-estandar-sport-fitness-negro\/","title":{"rendered":"Rack Para Barras Olimpicas Y Barras Estandar Sport Fitness Negro"},"content":{"rendered":"<p>Rack Para Barras Ol\u00edmpicas Y Barras Est\u00e1ndar Sport Fitness Negro, 5 soportes para barra ol\u00edmpica y 4 soportes para barra est\u00e1ndar que permiten buena organizaci\u00f3n y\u00a0 ordenamiento de las barras. Su plataforma en hierro, pintura electrost\u00e1tica de alta calidad, incluyen:  5 soportes para barra ol\u00edmpica y 4 soportes para barra est\u00e1ndar.<br \/>\nSoporte para pesas viene con un acabado negro y dise\u00f1o minimalista para aumentar la seguridad durante el uso. Est\u00e1 hecho de acero de calibre pesado con revestimiento de polvo negro para aumentar la durabilidad y evitar el astillado, la decoloraci\u00f3n y la corrosi\u00f3n. Soluci\u00f3n de ahorro de espacio s\u00ed al soporte para pesas es la mejor manera de almacenar barras de mancuerna asas y para mantener un espacio limpio y organizado en su espacio en el gimnasio o para el entrenamiento en casa.<\/p>\n","protected":false},"excerpt":{"rendered":"<ul>\n<li> &#8211; Material: Acero inoxidable <\/li>\n<li> &#8211; Plataforma en hierro <\/li>\n<li> &#8211; Pintura electrost\u00e1tica <\/li>\n<li> &#8211; Soportes para barras <\/li>\n<\/ul>\n","protected":false},"featured_media":233385,"template":"","meta":{"_et_pb_use_builder":"","_et_pb_old_content":"","_et_gb_content_width":""},"product_brand":[],"product_cat":[172],"product_tag":[],"class_list":{"0":"post-230351","1":"product","2":"type-product","3":"status-publish","4":"has-post-thumbnail","6":"product_cat-racks-para-barras","8":"first","9":"instock","10":"taxable","11":"shipping-taxable","12":"purchasable","13":"product-type-simple"},"_links":{"self":[{"href":"https:\/\/www.almacenflotablanca.com\/web\/wp-json\/wp\/v2\/product\/230351","targetHints":{"allow":["GET"]}}],"collection":[{"href":"https:\/\/www.almacenflotablanca.com\/web\/wp-json\/wp\/v2\/product"}],"about":[{"href":"https:\/\/www.almacenflotablanca.com\/web\/wp-json\/wp\/v2\/types\/product"}],"wp:featuredmedia":[{"embeddable":true,"href":"https:\/\/www.almacenflotablanca.com\/web\/wp-json\/wp\/v2\/media\/233385"}],"wp:attachment":[{"href":"https:\/\/www.almacenflotablanca.com\/web\/wp-json\/wp\/v2\/media?parent=230351"}],"wp:term":[{"taxonomy":"product_brand","embeddable":true,"href":"https:\/\/www.almacenflotablanca.com\/web\/wp-json\/wp\/v2\/product_brand?post=230351"},{"taxonomy":"product_cat","embeddable":true,"href":"https:\/\/www.almacenflotablanca.com\/web\/wp-json\/wp\/v2\/product_cat?post=230351"},{"taxonomy":"product_tag","embeddable":true,"href":"https:\/\/www.almacenflotablanca.com\/web\/wp-json\/wp\/v2\/product_tag?post=230351"}],"curies":[{"name":"wp","href":"https:\/\/api.w.org\/{rel}","templated":true}]}}