{"id":230355,"date":"2020-04-14T01:18:05","date_gmt":"2020-04-14T06:18:05","guid":{"rendered":"https:\/\/www.almacenflotablanca.com\/web\/?post_type=product&#038;p=230355"},"modified":"2026-04-15T16:10:56","modified_gmt":"2026-04-15T21:10:56","slug":"barra-pesas-olimpica-profesional-sport-fitness-cromada","status":"publish","type":"product","link":"https:\/\/www.almacenflotablanca.com\/web\/producto\/barra-pesas-olimpica-profesional-sport-fitness-cromada\/","title":{"rendered":"Barra Pesas Olimpica Profesional Sport Fitness Cromada"},"content":{"rendered":"<p>Barra Pesas Ol\u00edmpica Profesional Sport Fitness Cromada, Tiene el beneficio de fortalecer naturalmente el sistema cardiovascular y de paso mejora la circulaci\u00f3n sanguinea, tambi\u00e9n tiene la oportunidad de eliminar los excesos de grasa. Lleg\u00f3 el momento de ejercitar tu cuerpo con esta barra de pesas que permite entrenar todos los m\u00fasculos de tu cuerpo, en especial los brazos. Es necesario estar saludable f\u00edsicamente como espiritualmente, por ello la realizaci\u00f3n de un ejercicio siempre viene bien, te ayudar\u00e1 a encontrar ese equilibrio y paz interior que tanto quieres.<\/p>\n","protected":false},"excerpt":{"rendered":"<p>Barra Pesas Ol\u00edmpica Profesional Sport Fitness Cromada, Tiene el beneficio de fortalecer naturalmente el sistema cardiovascular y de paso mejora la circulaci\u00f3n sanguinea, tambi\u00e9n tiene la oportunidad de eliminar los excesos de grasa. Lleg\u00f3 el momento de ejercitar tu cuerpo con esta barra de pesas que permite entrenar todos los m\u00fasculos de tu cuerpo, en [&hellip;]<\/p>\n","protected":false},"featured_media":233372,"template":"","meta":{"_et_pb_use_builder":"","_et_pb_old_content":"","_et_gb_content_width":""},"product_brand":[],"product_cat":[173],"product_tag":[],"class_list":{"0":"post-230355","1":"product","2":"type-product","3":"status-publish","4":"has-post-thumbnail","6":"product_cat-barras-olimpicas","8":"first","9":"instock","10":"taxable","11":"shipping-taxable","12":"purchasable","13":"product-type-simple"},"_links":{"self":[{"href":"https:\/\/www.almacenflotablanca.com\/web\/wp-json\/wp\/v2\/product\/230355","targetHints":{"allow":["GET"]}}],"collection":[{"href":"https:\/\/www.almacenflotablanca.com\/web\/wp-json\/wp\/v2\/product"}],"about":[{"href":"https:\/\/www.almacenflotablanca.com\/web\/wp-json\/wp\/v2\/types\/product"}],"wp:featuredmedia":[{"embeddable":true,"href":"https:\/\/www.almacenflotablanca.com\/web\/wp-json\/wp\/v2\/media\/233372"}],"wp:attachment":[{"href":"https:\/\/www.almacenflotablanca.com\/web\/wp-json\/wp\/v2\/media?parent=230355"}],"wp:term":[{"taxonomy":"product_brand","embeddable":true,"href":"https:\/\/www.almacenflotablanca.com\/web\/wp-json\/wp\/v2\/product_brand?post=230355"},{"taxonomy":"product_cat","embeddable":true,"href":"https:\/\/www.almacenflotablanca.com\/web\/wp-json\/wp\/v2\/product_cat?post=230355"},{"taxonomy":"product_tag","embeddable":true,"href":"https:\/\/www.almacenflotablanca.com\/web\/wp-json\/wp\/v2\/product_tag?post=230355"}],"curies":[{"name":"wp","href":"https:\/\/api.w.org\/{rel}","templated":true}]}}