{"id":230402,"date":"2020-04-24T19:51:13","date_gmt":"2020-04-25T00:51:13","guid":{"rendered":"https:\/\/www.almacenflotablanca.com\/web\/?post_type=product&#038;p=230402"},"modified":"2026-04-15T16:12:08","modified_gmt":"2026-04-15T21:12:08","slug":"expandidor-anillos-pilates-sportiva-azul","status":"publish","type":"product","link":"https:\/\/www.almacenflotablanca.com\/web\/producto\/expandidor-anillos-pilates-sportiva-azul\/","title":{"rendered":"Expandidor Anillos Pilates Sportiva Azul"},"content":{"rendered":"<p>El C\u00edrculo de Pilates fue dise\u00f1ado pensando en su \u00abcasa de poder\u00bb: el \u00e1rea entre el hueso p\u00fabico y la caja tor\u00e1cica, desde la parte frontal hasta la parte posterior. Herramienta imprescindible para Pilates. Muy adecuado para cualquiera que quiera mantenerse en forma. Agregue intensidad a los ejercicios de suelo para fortalecer los m\u00fasculos del cuerpo. Muy conveniente, puedes hacer Pilates en casa cuando no est\u00e1s ocupado, \u00fatil para la parte interna y externa de los muslos, la parte superior de los brazos y el pecho e incluso los m\u00fasculos p\u00e9lvicos.<\/p>\n","protected":false},"excerpt":{"rendered":"<ul>\n<li> &#8211; Anillo de Pilates <\/li>\n<li> &#8211; Uso: dom\u00e9stico <\/li>\n<li> -Tonificar muslos, abdominales y piernas (azul) <\/li>\n<\/ul>\n","protected":false},"featured_media":233358,"template":"","meta":{"_et_pb_use_builder":"","_et_pb_old_content":"","_et_gb_content_width":""},"product_brand":[],"product_cat":[152],"product_tag":[],"class_list":{"0":"post-230402","1":"product","2":"type-product","3":"status-publish","4":"has-post-thumbnail","6":"product_cat-expandidor","8":"first","9":"instock","10":"taxable","11":"shipping-taxable","12":"purchasable","13":"product-type-simple"},"_links":{"self":[{"href":"https:\/\/www.almacenflotablanca.com\/web\/wp-json\/wp\/v2\/product\/230402","targetHints":{"allow":["GET"]}}],"collection":[{"href":"https:\/\/www.almacenflotablanca.com\/web\/wp-json\/wp\/v2\/product"}],"about":[{"href":"https:\/\/www.almacenflotablanca.com\/web\/wp-json\/wp\/v2\/types\/product"}],"wp:featuredmedia":[{"embeddable":true,"href":"https:\/\/www.almacenflotablanca.com\/web\/wp-json\/wp\/v2\/media\/233358"}],"wp:attachment":[{"href":"https:\/\/www.almacenflotablanca.com\/web\/wp-json\/wp\/v2\/media?parent=230402"}],"wp:term":[{"taxonomy":"product_brand","embeddable":true,"href":"https:\/\/www.almacenflotablanca.com\/web\/wp-json\/wp\/v2\/product_brand?post=230402"},{"taxonomy":"product_cat","embeddable":true,"href":"https:\/\/www.almacenflotablanca.com\/web\/wp-json\/wp\/v2\/product_cat?post=230402"},{"taxonomy":"product_tag","embeddable":true,"href":"https:\/\/www.almacenflotablanca.com\/web\/wp-json\/wp\/v2\/product_tag?post=230402"}],"curies":[{"name":"wp","href":"https:\/\/api.w.org\/{rel}","templated":true}]}}