{"id":230444,"date":"2020-04-29T21:54:38","date_gmt":"2020-04-30T02:54:38","guid":{"rendered":"https:\/\/www.almacenflotablanca.com\/web\/?post_type=product&#038;p=230444"},"modified":"2026-04-15T16:12:04","modified_gmt":"2026-04-15T21:12:04","slug":"banda-resistencia-circulo-sportiva-azul","status":"publish","type":"product","link":"https:\/\/www.almacenflotablanca.com\/web\/producto\/banda-resistencia-circulo-sportiva-azul\/","title":{"rendered":"Banda Resistencia Circulo Sportiva Azul"},"content":{"rendered":"<p>Ejercitar\u00a0 m\u00fasculos de las caderas y piernas, as\u00ed como las mu\u00f1ecas y brazos,\u00a0 aumenta la eficacia de sus ejercicios enormemente.\u00a0 Las sentadillas con salto ser\u00e1n m\u00e1s intensas y podr\u00e1 fortalecer, aumentar la fuerza o potencia, ser m\u00e1s flexible, delgado y estar en forma muy r\u00e1pido. F\u00e1ciles de transportar. Aumenta la eficacia de sus ejercicios enormemente.  Las sentadillas con salto ser\u00e1n m\u00e1s intensas y podr\u00e1 fortalecer, aumentar la fuerza o potencia, ser m\u00e1s flexible, delgado y estar en forma muy r\u00e1pido.<\/p>\n","protected":false},"excerpt":{"rendered":"<ul>\n<li> &#8211; Uso: Aer\u00f3bic, Yoga o gimnasio <\/li>\n<li> &#8211; Terapia f\u00edsica <\/li>\n<li> &#8211; C\u00edrculos de resistencia de cadera <\/li>\n<\/ul>\n","protected":false},"featured_media":233353,"template":"","meta":{"_et_pb_use_builder":"","_et_pb_old_content":"","_et_gb_content_width":""},"product_brand":[],"product_cat":[137],"product_tag":[],"class_list":{"0":"post-230444","1":"product","2":"type-product","3":"status-publish","4":"has-post-thumbnail","6":"product_cat-bandas","8":"first","9":"instock","10":"taxable","11":"shipping-taxable","12":"purchasable","13":"product-type-simple"},"_links":{"self":[{"href":"https:\/\/www.almacenflotablanca.com\/web\/wp-json\/wp\/v2\/product\/230444","targetHints":{"allow":["GET"]}}],"collection":[{"href":"https:\/\/www.almacenflotablanca.com\/web\/wp-json\/wp\/v2\/product"}],"about":[{"href":"https:\/\/www.almacenflotablanca.com\/web\/wp-json\/wp\/v2\/types\/product"}],"wp:featuredmedia":[{"embeddable":true,"href":"https:\/\/www.almacenflotablanca.com\/web\/wp-json\/wp\/v2\/media\/233353"}],"wp:attachment":[{"href":"https:\/\/www.almacenflotablanca.com\/web\/wp-json\/wp\/v2\/media?parent=230444"}],"wp:term":[{"taxonomy":"product_brand","embeddable":true,"href":"https:\/\/www.almacenflotablanca.com\/web\/wp-json\/wp\/v2\/product_brand?post=230444"},{"taxonomy":"product_cat","embeddable":true,"href":"https:\/\/www.almacenflotablanca.com\/web\/wp-json\/wp\/v2\/product_cat?post=230444"},{"taxonomy":"product_tag","embeddable":true,"href":"https:\/\/www.almacenflotablanca.com\/web\/wp-json\/wp\/v2\/product_tag?post=230444"}],"curies":[{"name":"wp","href":"https:\/\/api.w.org\/{rel}","templated":true}]}}