{"id":230525,"date":"2020-05-10T02:30:45","date_gmt":"2020-05-10T07:30:45","guid":{"rendered":"https:\/\/www.almacenflotablanca.com\/web\/?post_type=product&#038;p=230525"},"modified":"2026-04-15T16:11:11","modified_gmt":"2026-04-15T21:11:11","slug":"banda-elastica-con-mango-azul-sport-fitness","status":"publish","type":"product","link":"https:\/\/www.almacenflotablanca.com\/web\/producto\/banda-elastica-con-mango-azul-sport-fitness\/","title":{"rendered":"Banda Elastica Con Mango Azul Sport Fitness"},"content":{"rendered":"<p>Las bandas el\u00e1sticas se han convertido en un elemento de entrenamiento b\u00e1sico para muchas disciplinas y deportes. Los beneficios que aportan son numerosos, como un menor riesgo de lesi\u00f3n, ganar movilidad articular, aliviar los dolores por sobrecarga y adaptarse a las distintas resistencias de cada ejercicio.2 agarraderas de alta resistencia en polietileno tambi\u00e9n tiene la posibilidad de cambiar completamente o graduar el largo de la banda.<\/p>\n","protected":false},"excerpt":{"rendered":"<ul>\n<li> &#8211; Uso: domestico <\/li>\n<li> &#8211; Agarradera firme <\/li>\n<li> &#8211; El largor de la banda es graduable <\/li>\n<\/ul>\n","protected":false},"featured_media":233318,"template":"","meta":{"_et_pb_use_builder":"","_et_pb_old_content":"","_et_gb_content_width":""},"product_brand":[],"product_cat":[137],"product_tag":[],"class_list":{"0":"post-230525","1":"product","2":"type-product","3":"status-publish","4":"has-post-thumbnail","6":"product_cat-bandas","8":"first","9":"instock","10":"taxable","11":"shipping-taxable","12":"purchasable","13":"product-type-simple"},"_links":{"self":[{"href":"https:\/\/www.almacenflotablanca.com\/web\/wp-json\/wp\/v2\/product\/230525","targetHints":{"allow":["GET"]}}],"collection":[{"href":"https:\/\/www.almacenflotablanca.com\/web\/wp-json\/wp\/v2\/product"}],"about":[{"href":"https:\/\/www.almacenflotablanca.com\/web\/wp-json\/wp\/v2\/types\/product"}],"wp:featuredmedia":[{"embeddable":true,"href":"https:\/\/www.almacenflotablanca.com\/web\/wp-json\/wp\/v2\/media\/233318"}],"wp:attachment":[{"href":"https:\/\/www.almacenflotablanca.com\/web\/wp-json\/wp\/v2\/media?parent=230525"}],"wp:term":[{"taxonomy":"product_brand","embeddable":true,"href":"https:\/\/www.almacenflotablanca.com\/web\/wp-json\/wp\/v2\/product_brand?post=230525"},{"taxonomy":"product_cat","embeddable":true,"href":"https:\/\/www.almacenflotablanca.com\/web\/wp-json\/wp\/v2\/product_cat?post=230525"},{"taxonomy":"product_tag","embeddable":true,"href":"https:\/\/www.almacenflotablanca.com\/web\/wp-json\/wp\/v2\/product_tag?post=230525"}],"curies":[{"name":"wp","href":"https:\/\/api.w.org\/{rel}","templated":true}]}}