{"id":230529,"date":"2020-05-10T03:27:07","date_gmt":"2020-05-10T08:27:07","guid":{"rendered":"https:\/\/www.almacenflotablanca.com\/web\/?post_type=product&#038;p=230529"},"modified":"2026-04-15T16:11:04","modified_gmt":"2026-04-15T21:11:04","slug":"bosu-o-superficie-inestable-sport-fitness-azul","status":"publish","type":"product","link":"https:\/\/www.almacenflotablanca.com\/web\/producto\/bosu-o-superficie-inestable-sport-fitness-azul\/","title":{"rendered":"Bosu O Superficie Inestable Sport Fitness Azul"},"content":{"rendered":"<p>Trabajo de propiocepci\u00f3n muscular. Pilates piso. y con su tonificador Muscular Activaci\u00f3n de m\u00fasculos estabilizadores. La actividad f\u00edsica es un factor importante para mantener la salud del cuerpo en general. Entre muchos de los beneficios que la pr\u00e1ctica de \u00e9sta actividad puede ofrecer est\u00e1n: mantener el peso ideal, quemar calor\u00edas y la prevenci\u00f3n de enfermedades. Realizar ejercicio, ayuda a fomentar una vida sana y saludable, generando un efecto de tranquilidad y relajaci\u00f3n para abordar la vida cotidiana con m\u00e1s energ\u00eda.<\/p>\n","protected":false},"excerpt":{"rendered":"<ul>\n<li> &#8211; 50cm en diametro, 24 cm alta. <\/li>\n<li> &#8211; Uso: Institucional y profesional <\/li>\n<li> &#8211; Material: Resistente <\/li>\n<\/ul>\n","protected":false},"featured_media":233314,"template":"","meta":{"_et_pb_use_builder":"","_et_pb_old_content":"","_et_gb_content_width":""},"product_brand":[],"product_cat":[159],"product_tag":[],"class_list":{"0":"post-230529","1":"product","2":"type-product","3":"status-publish","4":"has-post-thumbnail","6":"product_cat-agilidad","8":"first","9":"instock","10":"taxable","11":"shipping-taxable","12":"purchasable","13":"product-type-simple"},"_links":{"self":[{"href":"https:\/\/www.almacenflotablanca.com\/web\/wp-json\/wp\/v2\/product\/230529","targetHints":{"allow":["GET"]}}],"collection":[{"href":"https:\/\/www.almacenflotablanca.com\/web\/wp-json\/wp\/v2\/product"}],"about":[{"href":"https:\/\/www.almacenflotablanca.com\/web\/wp-json\/wp\/v2\/types\/product"}],"wp:featuredmedia":[{"embeddable":true,"href":"https:\/\/www.almacenflotablanca.com\/web\/wp-json\/wp\/v2\/media\/233314"}],"wp:attachment":[{"href":"https:\/\/www.almacenflotablanca.com\/web\/wp-json\/wp\/v2\/media?parent=230529"}],"wp:term":[{"taxonomy":"product_brand","embeddable":true,"href":"https:\/\/www.almacenflotablanca.com\/web\/wp-json\/wp\/v2\/product_brand?post=230529"},{"taxonomy":"product_cat","embeddable":true,"href":"https:\/\/www.almacenflotablanca.com\/web\/wp-json\/wp\/v2\/product_cat?post=230529"},{"taxonomy":"product_tag","embeddable":true,"href":"https:\/\/www.almacenflotablanca.com\/web\/wp-json\/wp\/v2\/product_tag?post=230529"}],"curies":[{"name":"wp","href":"https:\/\/api.w.org\/{rel}","templated":true}]}}