{"id":230531,"date":"2020-05-10T03:44:25","date_gmt":"2020-05-10T08:44:25","guid":{"rendered":"https:\/\/www.almacenflotablanca.com\/web\/?post_type=product&#038;p=230531"},"modified":"2026-04-15T16:11:04","modified_gmt":"2026-04-15T21:11:04","slug":"cojin-inestable-o-de-balanceo-sport-fitness-azul","status":"publish","type":"product","link":"https:\/\/www.almacenflotablanca.com\/web\/producto\/cojin-inestable-o-de-balanceo-sport-fitness-azul\/","title":{"rendered":"Cojin Inestable O De Balanceo Sport Fitness Azul"},"content":{"rendered":"<p>El coj\u00edn inestable o de balanceo de Sport Fitness evita dolores de espalda, corrige la postura y fortalece el core. Adem\u00e1s, permite trabajar todo el cuerpo.<br \/>\nEs muy adaptable, as\u00ed que es perfecto para realizar entrenamiento cardiovascular, de fuerza, yoga, rehabilitaci\u00f3n de lesiones, entre otras. Adem\u00e1s, puedes utilizar ambas caras del coj\u00edn.<\/p>\n","protected":false},"excerpt":{"rendered":"<ul>\n<li> &#8211; Ligero y port\u00e1til <\/li>\n<li> &#8211; Uso: institucional \/ profesional <\/li>\n<li> &#8211; Para el mejoramiento de la postura y el trabajo de fortalecimiento en articulaciones del tren inferior. <\/li>\n<\/ul>\n","protected":false},"featured_media":233376,"template":"","meta":{"_et_pb_use_builder":"","_et_pb_old_content":"","_et_gb_content_width":""},"product_brand":[],"product_cat":[159],"product_tag":[],"class_list":{"0":"post-230531","1":"product","2":"type-product","3":"status-publish","4":"has-post-thumbnail","6":"product_cat-agilidad","8":"first","9":"instock","10":"taxable","11":"shipping-taxable","12":"purchasable","13":"product-type-simple"},"_links":{"self":[{"href":"https:\/\/www.almacenflotablanca.com\/web\/wp-json\/wp\/v2\/product\/230531","targetHints":{"allow":["GET"]}}],"collection":[{"href":"https:\/\/www.almacenflotablanca.com\/web\/wp-json\/wp\/v2\/product"}],"about":[{"href":"https:\/\/www.almacenflotablanca.com\/web\/wp-json\/wp\/v2\/types\/product"}],"wp:featuredmedia":[{"embeddable":true,"href":"https:\/\/www.almacenflotablanca.com\/web\/wp-json\/wp\/v2\/media\/233376"}],"wp:attachment":[{"href":"https:\/\/www.almacenflotablanca.com\/web\/wp-json\/wp\/v2\/media?parent=230531"}],"wp:term":[{"taxonomy":"product_brand","embeddable":true,"href":"https:\/\/www.almacenflotablanca.com\/web\/wp-json\/wp\/v2\/product_brand?post=230531"},{"taxonomy":"product_cat","embeddable":true,"href":"https:\/\/www.almacenflotablanca.com\/web\/wp-json\/wp\/v2\/product_cat?post=230531"},{"taxonomy":"product_tag","embeddable":true,"href":"https:\/\/www.almacenflotablanca.com\/web\/wp-json\/wp\/v2\/product_tag?post=230531"}],"curies":[{"name":"wp","href":"https:\/\/api.w.org\/{rel}","templated":true}]}}