{"id":230534,"date":"2020-05-11T01:17:11","date_gmt":"2020-05-11T06:17:11","guid":{"rendered":"https:\/\/www.almacenflotablanca.com\/web\/?post_type=product&#038;p=230534"},"modified":"2026-04-15T16:10:58","modified_gmt":"2026-04-15T21:10:58","slug":"bola-gimnasia-75-cm-sport-fitneess-azul","status":"publish","type":"product","link":"https:\/\/www.almacenflotablanca.com\/web\/producto\/bola-gimnasia-75-cm-sport-fitneess-azul\/","title":{"rendered":"Bola Gimnasia 75 Cm Sport Fitneess Azul"},"content":{"rendered":"<p>Bal\u00f3n de pilates, Fitball, Gymball para m\u00faltiples ejercicios de abdomen, piernas, gl\u00fateos, fuerza, Pilates, Yoga o para fisioterapia. Trabajo de propiocepci\u00f3n, equilibrio y coordinaci\u00f3n pilates piso es un tonificador muscular que ayuda a la activaci\u00f3n de m\u00fasculos estabilizadores del core tambi\u00e9n mejora la postura, el balance y la flexibilidad. Adelgaza cadera y muslo.<br \/>\n\u00a1Usa este bal\u00f3n de pilates para mejorar tu postura, balance y flexibilidad!<\/p>\n","protected":false},"excerpt":{"rendered":"<ul>\n<li> &#8211; Uso: Profesional y dom\u00e9stico <\/li>\n<li> &#8211; Construido en material: antiexplosivo <\/li>\n<li> &#8211; Funcionalidad: tonificaci\u00f3n <\/li>\n<\/ul>\n","protected":false},"featured_media":233310,"template":"","meta":{"_et_pb_use_builder":"","_et_pb_old_content":"","_et_gb_content_width":""},"product_brand":[],"product_cat":[126],"product_tag":[],"class_list":{"0":"post-230534","1":"product","2":"type-product","3":"status-publish","4":"has-post-thumbnail","6":"product_cat-balones","8":"first","9":"instock","10":"taxable","11":"shipping-taxable","12":"purchasable","13":"product-type-simple"},"_links":{"self":[{"href":"https:\/\/www.almacenflotablanca.com\/web\/wp-json\/wp\/v2\/product\/230534","targetHints":{"allow":["GET"]}}],"collection":[{"href":"https:\/\/www.almacenflotablanca.com\/web\/wp-json\/wp\/v2\/product"}],"about":[{"href":"https:\/\/www.almacenflotablanca.com\/web\/wp-json\/wp\/v2\/types\/product"}],"wp:featuredmedia":[{"embeddable":true,"href":"https:\/\/www.almacenflotablanca.com\/web\/wp-json\/wp\/v2\/media\/233310"}],"wp:attachment":[{"href":"https:\/\/www.almacenflotablanca.com\/web\/wp-json\/wp\/v2\/media?parent=230534"}],"wp:term":[{"taxonomy":"product_brand","embeddable":true,"href":"https:\/\/www.almacenflotablanca.com\/web\/wp-json\/wp\/v2\/product_brand?post=230534"},{"taxonomy":"product_cat","embeddable":true,"href":"https:\/\/www.almacenflotablanca.com\/web\/wp-json\/wp\/v2\/product_cat?post=230534"},{"taxonomy":"product_tag","embeddable":true,"href":"https:\/\/www.almacenflotablanca.com\/web\/wp-json\/wp\/v2\/product_tag?post=230534"}],"curies":[{"name":"wp","href":"https:\/\/api.w.org\/{rel}","templated":true}]}}