{"id":230539,"date":"2020-05-11T02:15:28","date_gmt":"2020-05-11T07:15:28","guid":{"rendered":"https:\/\/www.almacenflotablanca.com\/web\/?post_type=product&#038;p=230539"},"modified":"2026-04-15T16:11:14","modified_gmt":"2026-04-15T21:11:14","slug":"banda-trotadora-reims-sport-fitness-negro","status":"publish","type":"product","link":"https:\/\/www.almacenflotablanca.com\/web\/producto\/banda-trotadora-reims-sport-fitness-negro\/","title":{"rendered":"Banda Trotadora Reims Sport Fitness Negro"},"content":{"rendered":"<p>Puedes caminar, trotar o correr. Esto se debe a que va a una velocidad entre 1km\/h y 20km\/h. Adem\u00e1s, se adapta a tu resistencia f\u00edsica, ya que cuenta con una inclinaci\u00f3n entre 0% y 15%.<br \/>\nLa pantalla 7\u2033 de la trotadora Reims de Sport Fitness te indica a qu\u00e9 velocidad vas, qu\u00e9 distancia has recorrido, el tiempo que llevas ejercit\u00e1ndote, las calor\u00edas quemadas y el ritmo card\u00edaco. Esta trotadora viene con 18 programas preestablecidos. Adicionalmente, cuenta con el Body Fat Program.<\/p>\n","protected":false},"excerpt":{"rendered":"<ul>\n<li> &#8211; Motor robusto que te permite entrenar m\u00e1s fuerte <\/li>\n<li> &#8211; Pintura electrost\u00e1tica es de larga duraci\u00f3n <\/li>\n<li> &#8211; Su conexi\u00f3n es de 110 voltios <\/li>\n<li> &#8211; Peso m\u00e1ximo usuario: 130 Kg <\/li>\n<\/ul>\n","protected":false},"featured_media":233328,"template":"","meta":{"_et_pb_use_builder":"","_et_pb_old_content":"","_et_gb_content_width":""},"product_brand":[],"product_cat":[17],"product_tag":[],"class_list":{"0":"post-230539","1":"product","2":"type-product","3":"status-publish","4":"has-post-thumbnail","6":"product_cat-caminadoras","8":"first","9":"instock","10":"taxable","11":"shipping-taxable","12":"purchasable","13":"product-type-simple"},"_links":{"self":[{"href":"https:\/\/www.almacenflotablanca.com\/web\/wp-json\/wp\/v2\/product\/230539","targetHints":{"allow":["GET"]}}],"collection":[{"href":"https:\/\/www.almacenflotablanca.com\/web\/wp-json\/wp\/v2\/product"}],"about":[{"href":"https:\/\/www.almacenflotablanca.com\/web\/wp-json\/wp\/v2\/types\/product"}],"wp:featuredmedia":[{"embeddable":true,"href":"https:\/\/www.almacenflotablanca.com\/web\/wp-json\/wp\/v2\/media\/233328"}],"wp:attachment":[{"href":"https:\/\/www.almacenflotablanca.com\/web\/wp-json\/wp\/v2\/media?parent=230539"}],"wp:term":[{"taxonomy":"product_brand","embeddable":true,"href":"https:\/\/www.almacenflotablanca.com\/web\/wp-json\/wp\/v2\/product_brand?post=230539"},{"taxonomy":"product_cat","embeddable":true,"href":"https:\/\/www.almacenflotablanca.com\/web\/wp-json\/wp\/v2\/product_cat?post=230539"},{"taxonomy":"product_tag","embeddable":true,"href":"https:\/\/www.almacenflotablanca.com\/web\/wp-json\/wp\/v2\/product_tag?post=230539"}],"curies":[{"name":"wp","href":"https:\/\/api.w.org\/{rel}","templated":true}]}}