{"id":230567,"date":"2020-05-14T02:17:20","date_gmt":"2020-05-14T07:17:20","guid":{"rendered":"https:\/\/www.almacenflotablanca.com\/web\/?post_type=product&#038;p=230567"},"modified":"2026-04-15T16:11:02","modified_gmt":"2026-04-15T21:11:02","slug":"trampolin-sport-fitness-azul-con-negro","status":"publish","type":"product","link":"https:\/\/www.almacenflotablanca.com\/web\/producto\/trampolin-sport-fitness-azul-con-negro\/","title":{"rendered":"Trampol\u00edn Sport Fitness Azul Con Negro"},"content":{"rendered":"<p>El trampol\u00edn TR6000 te permite mejorar tu coordinaci\u00f3n y equilibrio. La mejor parte es que se adapta a cualquier nivel de intensidad. As\u00ed que, tanto si eres principiante como si ya eres experto, siempre te va a servir para entrenar.<br \/>\nSport Fitness pensando en ti utiliza los materiales para el trampol\u00edn TR6000 de la mejor calidad. Por este motivo, el nylon es de alta resistencia, la estructura es en hierro y la pintura electrost\u00e1tica es de larga duraci\u00f3n. As\u00ed que lo podr\u00e1s disfrutar por mucho tiempo.<\/p>\n","protected":false},"excerpt":{"rendered":"<ul>\n<li> &#8211; Material: nailon de alta resistencia, con estructura en hierro y pintura electrostitica\u00a0 <\/li>\n<li> &#8211; Peso maximo de usuario: 120 gr <\/li>\n<li> &#8211; Uso: institucional, profesional y hogar <\/li>\n<\/ul>\n","protected":false},"featured_media":233305,"template":"","meta":{"_et_pb_use_builder":"","_et_pb_old_content":"","_et_gb_content_width":""},"product_brand":[],"product_cat":[159],"product_tag":[],"class_list":{"0":"post-230567","1":"product","2":"type-product","3":"status-publish","4":"has-post-thumbnail","6":"product_cat-agilidad","8":"first","9":"instock","10":"taxable","11":"shipping-taxable","12":"purchasable","13":"product-type-simple"},"_links":{"self":[{"href":"https:\/\/www.almacenflotablanca.com\/web\/wp-json\/wp\/v2\/product\/230567","targetHints":{"allow":["GET"]}}],"collection":[{"href":"https:\/\/www.almacenflotablanca.com\/web\/wp-json\/wp\/v2\/product"}],"about":[{"href":"https:\/\/www.almacenflotablanca.com\/web\/wp-json\/wp\/v2\/types\/product"}],"wp:featuredmedia":[{"embeddable":true,"href":"https:\/\/www.almacenflotablanca.com\/web\/wp-json\/wp\/v2\/media\/233305"}],"wp:attachment":[{"href":"https:\/\/www.almacenflotablanca.com\/web\/wp-json\/wp\/v2\/media?parent=230567"}],"wp:term":[{"taxonomy":"product_brand","embeddable":true,"href":"https:\/\/www.almacenflotablanca.com\/web\/wp-json\/wp\/v2\/product_brand?post=230567"},{"taxonomy":"product_cat","embeddable":true,"href":"https:\/\/www.almacenflotablanca.com\/web\/wp-json\/wp\/v2\/product_cat?post=230567"},{"taxonomy":"product_tag","embeddable":true,"href":"https:\/\/www.almacenflotablanca.com\/web\/wp-json\/wp\/v2\/product_tag?post=230567"}],"curies":[{"name":"wp","href":"https:\/\/api.w.org\/{rel}","templated":true}]}}