{"id":230569,"date":"2020-05-14T02:53:19","date_gmt":"2020-05-14T07:53:19","guid":{"rendered":"https:\/\/www.almacenflotablanca.com\/web\/?post_type=product&#038;p=230569"},"modified":"2026-04-15T16:10:59","modified_gmt":"2026-04-15T21:10:59","slug":"juego-mancuernas-neopreno-2-lb-x2-sport-fitness-rojo-con-blanco","status":"publish","type":"product","link":"https:\/\/www.almacenflotablanca.com\/web\/producto\/juego-mancuernas-neopreno-2-lb-x2-sport-fitness-rojo-con-blanco\/","title":{"rendered":"Juego Mancuernas Neopreno 2 Lb X2 Sport Fitness Rojo"},"content":{"rendered":"<p>Hacer ejercicio y cuidar la salud es muy importante; por ello ofrecemos una opci\u00f3n sencilla que podr\u00e1s usar en casa escuchando tu m\u00fasica favorita.<br \/>\nUn producto que te ayudar\u00e1 a sentirte cada d\u00eda mejor y m\u00e1s fuerte. Lucir\u00e1s como quieres con este pr\u00e1ctico art\u00edculo deportivo que complementa tus rutinas; quema grasa y tonifica tus m\u00fasculos; para as\u00ed moldear las partes del cuerpo que siempre has querido.<\/p>\n","protected":false},"excerpt":{"rendered":"<ul>\n<li> &#8211; Material: hierro <\/li>\n<li> &#8211; Neopreno inyectado <\/li>\n<li> &#8211; Con agarradera plastica <\/li>\n<\/ul>\n","protected":false},"featured_media":233303,"template":"","meta":{"_et_pb_use_builder":"","_et_pb_old_content":"","_et_gb_content_width":""},"product_brand":[],"product_cat":[127],"product_tag":[],"class_list":{"0":"post-230569","1":"product","2":"type-product","3":"status-publish","4":"has-post-thumbnail","6":"product_cat-mancuernas","8":"first","9":"instock","10":"taxable","11":"shipping-taxable","12":"purchasable","13":"product-type-simple"},"_links":{"self":[{"href":"https:\/\/www.almacenflotablanca.com\/web\/wp-json\/wp\/v2\/product\/230569","targetHints":{"allow":["GET"]}}],"collection":[{"href":"https:\/\/www.almacenflotablanca.com\/web\/wp-json\/wp\/v2\/product"}],"about":[{"href":"https:\/\/www.almacenflotablanca.com\/web\/wp-json\/wp\/v2\/types\/product"}],"wp:featuredmedia":[{"embeddable":true,"href":"https:\/\/www.almacenflotablanca.com\/web\/wp-json\/wp\/v2\/media\/233303"}],"wp:attachment":[{"href":"https:\/\/www.almacenflotablanca.com\/web\/wp-json\/wp\/v2\/media?parent=230569"}],"wp:term":[{"taxonomy":"product_brand","embeddable":true,"href":"https:\/\/www.almacenflotablanca.com\/web\/wp-json\/wp\/v2\/product_brand?post=230569"},{"taxonomy":"product_cat","embeddable":true,"href":"https:\/\/www.almacenflotablanca.com\/web\/wp-json\/wp\/v2\/product_cat?post=230569"},{"taxonomy":"product_tag","embeddable":true,"href":"https:\/\/www.almacenflotablanca.com\/web\/wp-json\/wp\/v2\/product_tag?post=230569"}],"curies":[{"name":"wp","href":"https:\/\/api.w.org\/{rel}","templated":true}]}}