{"id":230579,"date":"2020-05-15T00:17:23","date_gmt":"2020-05-15T05:17:23","guid":{"rendered":"https:\/\/www.almacenflotablanca.com\/web\/?post_type=product&#038;p=230579"},"modified":"2026-04-15T16:11:12","modified_gmt":"2026-04-15T21:11:12","slug":"kit-de-suspension-pro-2-sport-fitness-rojo-con-negro","status":"publish","type":"product","link":"https:\/\/www.almacenflotablanca.com\/web\/producto\/kit-de-suspension-pro-2-sport-fitness-rojo-con-negro\/","title":{"rendered":"Kit De Suspensi\u00f3n Pro 2 Sport Fitness Rojo Con Negro"},"content":{"rendered":"<p>Kit de suspensi\u00f3n Profesional Original Sport fitness, correa ajustable para diferentes niveles de altura agarres antideslizantes. Peso m\u00e1ximo de usuario: 200 kg. Ideal para trabajos isolaterales. Desarrolle y fortalezca los m\u00fasculos, queme grasa, aumente la resistencia y mejore la flexibilidad para verse y sentirse lo mejor posible. Funcionalidad: Pr\u00e1ctica de deporte.<\/p>\n","protected":false},"excerpt":{"rendered":"<ul>\n<li> &#8211; Uso: Hogar, Profesional <\/li>\n<li> &#8211; Peso m\u00e1ximo de usuario: 200 kg <\/li>\n<li> &#8211; Agarres amtideslizantes <\/li>\n<\/ul>\n","protected":false},"featured_media":233321,"template":"","meta":{"_et_pb_use_builder":"","_et_pb_old_content":"","_et_gb_content_width":""},"product_brand":[],"product_cat":[166],"product_tag":[],"class_list":{"0":"post-230579","1":"product","2":"type-product","3":"status-publish","4":"has-post-thumbnail","6":"product_cat-trx","8":"first","9":"instock","10":"taxable","11":"shipping-taxable","12":"purchasable","13":"product-type-simple"},"_links":{"self":[{"href":"https:\/\/www.almacenflotablanca.com\/web\/wp-json\/wp\/v2\/product\/230579","targetHints":{"allow":["GET"]}}],"collection":[{"href":"https:\/\/www.almacenflotablanca.com\/web\/wp-json\/wp\/v2\/product"}],"about":[{"href":"https:\/\/www.almacenflotablanca.com\/web\/wp-json\/wp\/v2\/types\/product"}],"wp:featuredmedia":[{"embeddable":true,"href":"https:\/\/www.almacenflotablanca.com\/web\/wp-json\/wp\/v2\/media\/233321"}],"wp:attachment":[{"href":"https:\/\/www.almacenflotablanca.com\/web\/wp-json\/wp\/v2\/media?parent=230579"}],"wp:term":[{"taxonomy":"product_brand","embeddable":true,"href":"https:\/\/www.almacenflotablanca.com\/web\/wp-json\/wp\/v2\/product_brand?post=230579"},{"taxonomy":"product_cat","embeddable":true,"href":"https:\/\/www.almacenflotablanca.com\/web\/wp-json\/wp\/v2\/product_cat?post=230579"},{"taxonomy":"product_tag","embeddable":true,"href":"https:\/\/www.almacenflotablanca.com\/web\/wp-json\/wp\/v2\/product_tag?post=230579"}],"curies":[{"name":"wp","href":"https:\/\/api.w.org\/{rel}","templated":true}]}}