{"id":230619,"date":"2020-05-26T01:39:46","date_gmt":"2020-05-26T06:39:46","guid":{"rendered":"https:\/\/www.almacenflotablanca.com\/web\/?post_type=product&#038;p=230619"},"modified":"2026-04-15T16:11:01","modified_gmt":"2026-04-15T21:11:01","slug":"multifuncional-150-lb-sport-fitness-negra","status":"publish","type":"product","link":"https:\/\/www.almacenflotablanca.com\/web\/producto\/multifuncional-150-lb-sport-fitness-negra\/","title":{"rendered":"Multifuncional 150 Lb Sport Fitness Negra"},"content":{"rendered":"<p>Estructura en hierro de alta resistencia, pintura electrost\u00e1tica con su respectiva cojineria indeformable. Ejercicios: polea alta, polea baja, extensi\u00f3n pierna, pecho lateral y frontal, soporte predicador b\u00edceps y su pin de selector de peso.<br \/>\nCon esta Multifuncional de 150 libras de SportFitness de uso dom\u00e9stico tendr\u00e1s la herramienta adecuada para hacer ejercicios de Polea alta, Polea baja, Soporte extensi\u00f3n pierna cabina lateral y Pecho sentado. Un objeto y muchos tipos de ejercicios que puedes hacer, ll\u00e9vala ahora.<\/p>\n","protected":false},"excerpt":{"rendered":"<ul>\n<li> &#8211; Protector carenaje peso selectorizado\u00a0\u00a0 <\/li>\n<li> &#8211; Torre de peso: 150 lb (paneles plasticos) <\/li>\n<li> &#8211; Uso: institucional <\/li>\n<\/ul>\n","protected":false},"featured_media":233307,"template":"","meta":{"_et_pb_use_builder":"","_et_pb_old_content":"","_et_gb_content_width":""},"product_brand":[],"product_cat":[108],"product_tag":[],"class_list":{"0":"post-230619","1":"product","2":"type-product","3":"status-publish","4":"has-post-thumbnail","6":"product_cat-multifuncional","8":"first","9":"instock","10":"taxable","11":"shipping-taxable","12":"purchasable","13":"product-type-simple"},"_links":{"self":[{"href":"https:\/\/www.almacenflotablanca.com\/web\/wp-json\/wp\/v2\/product\/230619","targetHints":{"allow":["GET"]}}],"collection":[{"href":"https:\/\/www.almacenflotablanca.com\/web\/wp-json\/wp\/v2\/product"}],"about":[{"href":"https:\/\/www.almacenflotablanca.com\/web\/wp-json\/wp\/v2\/types\/product"}],"wp:featuredmedia":[{"embeddable":true,"href":"https:\/\/www.almacenflotablanca.com\/web\/wp-json\/wp\/v2\/media\/233307"}],"wp:attachment":[{"href":"https:\/\/www.almacenflotablanca.com\/web\/wp-json\/wp\/v2\/media?parent=230619"}],"wp:term":[{"taxonomy":"product_brand","embeddable":true,"href":"https:\/\/www.almacenflotablanca.com\/web\/wp-json\/wp\/v2\/product_brand?post=230619"},{"taxonomy":"product_cat","embeddable":true,"href":"https:\/\/www.almacenflotablanca.com\/web\/wp-json\/wp\/v2\/product_cat?post=230619"},{"taxonomy":"product_tag","embeddable":true,"href":"https:\/\/www.almacenflotablanca.com\/web\/wp-json\/wp\/v2\/product_tag?post=230619"}],"curies":[{"name":"wp","href":"https:\/\/api.w.org\/{rel}","templated":true}]}}