{"id":230655,"date":"2020-06-03T18:26:46","date_gmt":"2020-06-03T23:26:46","guid":{"rendered":"https:\/\/www.almacenflotablanca.com\/web\/?post_type=product&#038;p=230655"},"modified":"2026-04-15T16:10:55","modified_gmt":"2026-04-15T21:10:55","slug":"bicicleta-scale-950-scott-negra-con-rojo","status":"publish","type":"product","link":"https:\/\/www.almacenflotablanca.com\/web\/producto\/bicicleta-scale-950-scott-negra-con-rojo\/","title":{"rendered":"Bicicleta Scale 950 Talla S Scott Negra Con Rojo"},"content":{"rendered":"<p>La SCOTT Aspect 930 es una bicicleta de monta\u00f1a r\u00edgida sin suspensi\u00f3n trasera, dise\u00f1ada para ser ligera, eficaz y con un precio razonable. La horquilla cuenta con mecanismo de bloqueo remoto, los frenos son de disco y los componentes de Syncros. Es el modelo perfecto para principiantes o para usuarios de bicicleta de monta\u00f1a que se gu\u00eden por el presupuesto. El cuadro de fibra de carbono HMF de la SCOTT Contessa Scale 930 es puro m\u00fasculo. La 930 viene perfectamente equipada con transmisi\u00f3n Eagle de SRAM y horquilla RockShox.<br \/>\nEsta bicicleta est\u00e1 hecha para competir. Shimano Deore, 20 velocidades sus frenos Shimano NUEVO modelo.<\/p>\n","protected":false},"excerpt":{"rendered":"<ul>\n<li> &#8211; Cadena: SRAM CN SX Eagle <\/li>\n<li> &#8211; Casette: SRAM SX-PG1210 \/ 11-50 T <\/li>\n<li> &#8211; Llantas: Syncros X-25 \/ 32H \/ 25mm <\/li>\n<li> &#8211; Cuadro de aleaci\u00f3n Aspect 900 <\/li>\n<\/ul>\n","protected":false},"featured_media":233348,"template":"","meta":{"_et_pb_use_builder":"","_et_pb_old_content":"","_et_gb_content_width":""},"product_brand":[],"product_cat":[74,138],"product_tag":[],"class_list":{"0":"post-230655","1":"product","2":"type-product","3":"status-publish","4":"has-post-thumbnail","6":"product_cat-bicicletas","7":"product_cat-bicicletas-de-montana","9":"first","10":"outofstock","11":"taxable","12":"shipping-taxable","13":"purchasable","14":"product-type-simple"},"_links":{"self":[{"href":"https:\/\/www.almacenflotablanca.com\/web\/wp-json\/wp\/v2\/product\/230655","targetHints":{"allow":["GET"]}}],"collection":[{"href":"https:\/\/www.almacenflotablanca.com\/web\/wp-json\/wp\/v2\/product"}],"about":[{"href":"https:\/\/www.almacenflotablanca.com\/web\/wp-json\/wp\/v2\/types\/product"}],"wp:featuredmedia":[{"embeddable":true,"href":"https:\/\/www.almacenflotablanca.com\/web\/wp-json\/wp\/v2\/media\/233348"}],"wp:attachment":[{"href":"https:\/\/www.almacenflotablanca.com\/web\/wp-json\/wp\/v2\/media?parent=230655"}],"wp:term":[{"taxonomy":"product_brand","embeddable":true,"href":"https:\/\/www.almacenflotablanca.com\/web\/wp-json\/wp\/v2\/product_brand?post=230655"},{"taxonomy":"product_cat","embeddable":true,"href":"https:\/\/www.almacenflotablanca.com\/web\/wp-json\/wp\/v2\/product_cat?post=230655"},{"taxonomy":"product_tag","embeddable":true,"href":"https:\/\/www.almacenflotablanca.com\/web\/wp-json\/wp\/v2\/product_tag?post=230655"}],"curies":[{"name":"wp","href":"https:\/\/api.w.org\/{rel}","templated":true}]}}