{"id":230673,"date":"2020-06-08T02:47:33","date_gmt":"2020-06-08T07:47:33","guid":{"rendered":"https:\/\/www.almacenflotablanca.com\/web\/?post_type=product&#038;p=230673"},"modified":"2026-04-15T16:10:54","modified_gmt":"2026-04-15T21:10:54","slug":"bicicleta-aspect-920-scott-azul-con-naranja","status":"publish","type":"product","link":"https:\/\/www.almacenflotablanca.com\/web\/producto\/bicicleta-aspect-920-scott-azul-con-naranja\/","title":{"rendered":"Bicicleta Aspect 920 Talla Xs Scott Azul Con Naranja"},"content":{"rendered":"<p>La Aspect 920 de SCOTT es una bicicleta de monta\u00f1a r\u00edgida sin suspensi\u00f3n trasera, dise\u00f1ada para ser ligera, eficaz y con un precio razonable. La horquilla cuenta con mecanismo de bloqueo remoto, frenos de disco Shimano y componentes de Syncros.<br \/>\nEs el modelo perfecto para principiantes o para usuarios de bicicleta de monta\u00f1a que se gu\u00eden por el presupuesto.<br \/>\nBielas:<br \/>\n    Shimano FC-MT500-B2<br \/>\n    2-piece Design \/ 36X26<br \/>\nBuje delantero:<br \/>\n    Formula CL51<br \/>\nBuje trasero:<br \/>\n    Shimano FH-MT200B-CL<br \/>\nCadena:<br \/>\n    KMC X10-1<br \/>\nCasette:<br \/>\n    Shimano CS-HG500-10 \/ 11-42T<br \/>\nDesviador delantero:<br \/>\n    Shimano Deore FD-M6020 Side Swing \/ 31.8mm<br \/>\nDesviador trasero:<br \/>\n    Shimano Deore RD-M6000 SGS<br \/>\n    Shadow Type \/ 20 Speed<br \/>\nDirecci\u00f3n:<br \/>\n    Syncros OE Press Fit \/ Reduce 1.5&#8243;-1 1\/8&#8243;<br \/>\n    OD 50\/62mm \/ ID 44\/56mm<br \/>\nFrenos:<br \/>\n    Shimano BR-MT200 \/ Hydr. Disc<br \/>\n    SM-RT10 CL rotor \/ 180F\/160R<\/p>\n","protected":false},"excerpt":{"rendered":"<ul>\n<li> &#8211; Cuadro <\/li>\n<li> &#8211; RockShox XC30 TK <\/li>\n<li> &#8211; Casete 11-42 <\/li>\n<li> &#8211; Sill\u00edn Syncros 3.0 <\/li>\n<li> &#8211; Cubiertas Kenda Booster <\/li>\n<\/ul>\n","protected":false},"featured_media":233324,"template":"","meta":{"_et_pb_use_builder":"","_et_pb_old_content":"","_et_gb_content_width":""},"product_brand":[],"product_cat":[74,138],"product_tag":[],"class_list":{"0":"post-230673","1":"product","2":"type-product","3":"status-publish","4":"has-post-thumbnail","6":"product_cat-bicicletas","7":"product_cat-bicicletas-de-montana","9":"first","10":"outofstock","11":"taxable","12":"shipping-taxable","13":"purchasable","14":"product-type-simple"},"_links":{"self":[{"href":"https:\/\/www.almacenflotablanca.com\/web\/wp-json\/wp\/v2\/product\/230673","targetHints":{"allow":["GET"]}}],"collection":[{"href":"https:\/\/www.almacenflotablanca.com\/web\/wp-json\/wp\/v2\/product"}],"about":[{"href":"https:\/\/www.almacenflotablanca.com\/web\/wp-json\/wp\/v2\/types\/product"}],"wp:featuredmedia":[{"embeddable":true,"href":"https:\/\/www.almacenflotablanca.com\/web\/wp-json\/wp\/v2\/media\/233324"}],"wp:attachment":[{"href":"https:\/\/www.almacenflotablanca.com\/web\/wp-json\/wp\/v2\/media?parent=230673"}],"wp:term":[{"taxonomy":"product_brand","embeddable":true,"href":"https:\/\/www.almacenflotablanca.com\/web\/wp-json\/wp\/v2\/product_brand?post=230673"},{"taxonomy":"product_cat","embeddable":true,"href":"https:\/\/www.almacenflotablanca.com\/web\/wp-json\/wp\/v2\/product_cat?post=230673"},{"taxonomy":"product_tag","embeddable":true,"href":"https:\/\/www.almacenflotablanca.com\/web\/wp-json\/wp\/v2\/product_tag?post=230673"}],"curies":[{"name":"wp","href":"https:\/\/api.w.org\/{rel}","templated":true}]}}