{"id":230814,"date":"2020-07-02T18:29:43","date_gmt":"2020-07-02T23:29:43","guid":{"rendered":"https:\/\/www.almacenflotablanca.com\/web\/?post_type=product&#038;p=230814"},"modified":"2026-04-15T16:11:15","modified_gmt":"2026-04-15T21:11:15","slug":"banda-caminadora-beziers-2-0-sport-fitness-negro","status":"publish","type":"product","link":"https:\/\/www.almacenflotablanca.com\/web\/producto\/banda-caminadora-beziers-2-0-sport-fitness-negro\/","title":{"rendered":"Banda Caminadora Beziers 2.0 Sport Fitness Negro"},"content":{"rendered":"<p>Rango de inclinaci\u00f3n (Declinaci\u00f3n): Manual (3-Niveles de inclinaci\u00f3n) pantalla LED: Tiempo, Velocidad, Distancia, Calor\u00edas, Ritmo Cardiaco, programas de entrenamiento: 12 programas. Altavoces \/ Audio: MP3, carga USB conexi\u00f3n: 110v.<\/p>\n","protected":false},"excerpt":{"rendered":"<p>Rango de inclinaci\u00f3n (Declinaci\u00f3n): Manual (3-Niveles de inclinaci\u00f3n) pantalla LED: Tiempo, Velocidad, Distancia, Calor\u00edas, Ritmo Cardiaco, programas de entrenamiento: 12 programas. Altavoces \/ Audio: MP3, carga USB conexi\u00f3n: 110v.<\/p>\n","protected":false},"featured_media":233266,"template":"","meta":{"_et_pb_use_builder":"","_et_pb_old_content":"","_et_gb_content_width":""},"product_brand":[],"product_cat":[17],"product_tag":[],"class_list":{"0":"post-230814","1":"product","2":"type-product","3":"status-publish","4":"has-post-thumbnail","6":"product_cat-caminadoras","8":"first","9":"instock","10":"taxable","11":"shipping-taxable","12":"purchasable","13":"product-type-simple"},"_links":{"self":[{"href":"https:\/\/www.almacenflotablanca.com\/web\/wp-json\/wp\/v2\/product\/230814","targetHints":{"allow":["GET"]}}],"collection":[{"href":"https:\/\/www.almacenflotablanca.com\/web\/wp-json\/wp\/v2\/product"}],"about":[{"href":"https:\/\/www.almacenflotablanca.com\/web\/wp-json\/wp\/v2\/types\/product"}],"wp:featuredmedia":[{"embeddable":true,"href":"https:\/\/www.almacenflotablanca.com\/web\/wp-json\/wp\/v2\/media\/233266"}],"wp:attachment":[{"href":"https:\/\/www.almacenflotablanca.com\/web\/wp-json\/wp\/v2\/media?parent=230814"}],"wp:term":[{"taxonomy":"product_brand","embeddable":true,"href":"https:\/\/www.almacenflotablanca.com\/web\/wp-json\/wp\/v2\/product_brand?post=230814"},{"taxonomy":"product_cat","embeddable":true,"href":"https:\/\/www.almacenflotablanca.com\/web\/wp-json\/wp\/v2\/product_cat?post=230814"},{"taxonomy":"product_tag","embeddable":true,"href":"https:\/\/www.almacenflotablanca.com\/web\/wp-json\/wp\/v2\/product_tag?post=230814"}],"curies":[{"name":"wp","href":"https:\/\/api.w.org\/{rel}","templated":true}]}}