{"id":230997,"date":"2020-08-10T23:22:19","date_gmt":"2020-08-11T04:22:19","guid":{"rendered":"https:\/\/www.almacenflotablanca.com\/web\/?post_type=product&#038;p=230997"},"modified":"2026-04-15T16:11:25","modified_gmt":"2026-04-15T21:11:25","slug":"tobillera-10-libras-figo-azul","status":"publish","type":"product","link":"https:\/\/www.almacenflotablanca.com\/web\/producto\/tobillera-10-libras-figo-azul\/","title":{"rendered":"Tobillera 10 Libras Figo Azul"},"content":{"rendered":"<p>Este kit incluye 2 pesas que puedes usar en los tobillos, tambi\u00e9n puedes usar en las mu\u00f1ecas o en la cintura. cada una de 2.5 kilos o 5 libras, para un total de 10 libras el kit. Ideal para hacer barritas o dominadas con m\u00e1s peso, trotar y subir tu resistencia cardio vascular y hacer toda clase de ejercicios abdominales con elevaci\u00f3n de piernas sus correas ajustables a todas las tallas, mu\u00f1ecas y tobillos.<\/p>\n","protected":false},"excerpt":{"rendered":"<ul>\n<li> &#8211; Ajustables en velcro <\/li>\n<li> &#8211; Materiales: lona rellena de arena <\/li>\n<li> &#8211; Trotar y subir tu resistencia <\/li>\n<\/ul>\n","protected":false},"featured_media":233178,"template":"","meta":{"_et_pb_use_builder":"","_et_pb_old_content":"","_et_gb_content_width":""},"product_brand":[],"product_cat":[147],"product_tag":[],"class_list":{"0":"post-230997","1":"product","2":"type-product","3":"status-publish","4":"has-post-thumbnail","6":"product_cat-pesas-tobilleras","8":"first","9":"instock","10":"taxable","11":"shipping-taxable","12":"purchasable","13":"product-type-simple"},"_links":{"self":[{"href":"https:\/\/www.almacenflotablanca.com\/web\/wp-json\/wp\/v2\/product\/230997","targetHints":{"allow":["GET"]}}],"collection":[{"href":"https:\/\/www.almacenflotablanca.com\/web\/wp-json\/wp\/v2\/product"}],"about":[{"href":"https:\/\/www.almacenflotablanca.com\/web\/wp-json\/wp\/v2\/types\/product"}],"wp:featuredmedia":[{"embeddable":true,"href":"https:\/\/www.almacenflotablanca.com\/web\/wp-json\/wp\/v2\/media\/233178"}],"wp:attachment":[{"href":"https:\/\/www.almacenflotablanca.com\/web\/wp-json\/wp\/v2\/media?parent=230997"}],"wp:term":[{"taxonomy":"product_brand","embeddable":true,"href":"https:\/\/www.almacenflotablanca.com\/web\/wp-json\/wp\/v2\/product_brand?post=230997"},{"taxonomy":"product_cat","embeddable":true,"href":"https:\/\/www.almacenflotablanca.com\/web\/wp-json\/wp\/v2\/product_cat?post=230997"},{"taxonomy":"product_tag","embeddable":true,"href":"https:\/\/www.almacenflotablanca.com\/web\/wp-json\/wp\/v2\/product_tag?post=230997"}],"curies":[{"name":"wp","href":"https:\/\/api.w.org\/{rel}","templated":true}]}}