{"id":231005,"date":"2020-08-11T00:18:42","date_gmt":"2020-08-11T05:18:42","guid":{"rendered":"https:\/\/www.almacenflotablanca.com\/web\/?post_type=product&#038;p=231005"},"modified":"2026-04-15T16:12:13","modified_gmt":"2026-04-15T21:12:13","slug":"rodillo-de-entrenamiento-profesional-beto-gris","status":"publish","type":"product","link":"https:\/\/www.almacenflotablanca.com\/web\/producto\/rodillo-de-entrenamiento-profesional-beto-gris\/","title":{"rendered":"Rodillo De Entrenamiento Profesional Beto Gris"},"content":{"rendered":"<p>Rodillo de entrenamiento profesional, es compatible para rines 26, 27.5, 29\u00a0 o ruta (700c). Extremadamente silencioso y se regula la intensidad en los cambios de la bicicleta.  Ofrece una relaci\u00f3n excelente entre calidad y precio para quienes buscan un soporte de entrenamiento port\u00e1til y ligero que sea ideal para entrenar o calentar. Bloqueo delantero con estructura de aluminio, Resistencia magn\u00e9tica ajustable.<\/p>\n","protected":false},"excerpt":{"rendered":"<ul>\n<li> &#8211; Material: acero inoxidable <\/li>\n<li> &#8211; Color: gris negro <\/li>\n<li> &#8211; Uso: profesional <\/li>\n<\/ul>\n","protected":false},"featured_media":233141,"template":"","meta":{"_et_pb_use_builder":"","_et_pb_old_content":"","_et_gb_content_width":""},"product_brand":[],"product_cat":[154],"product_tag":[],"class_list":{"0":"post-231005","1":"product","2":"type-product","3":"status-publish","4":"has-post-thumbnail","6":"product_cat-soporte-de-entrenamiento","8":"first","9":"instock","10":"taxable","11":"shipping-taxable","12":"purchasable","13":"product-type-simple"},"_links":{"self":[{"href":"https:\/\/www.almacenflotablanca.com\/web\/wp-json\/wp\/v2\/product\/231005","targetHints":{"allow":["GET"]}}],"collection":[{"href":"https:\/\/www.almacenflotablanca.com\/web\/wp-json\/wp\/v2\/product"}],"about":[{"href":"https:\/\/www.almacenflotablanca.com\/web\/wp-json\/wp\/v2\/types\/product"}],"wp:featuredmedia":[{"embeddable":true,"href":"https:\/\/www.almacenflotablanca.com\/web\/wp-json\/wp\/v2\/media\/233141"}],"wp:attachment":[{"href":"https:\/\/www.almacenflotablanca.com\/web\/wp-json\/wp\/v2\/media?parent=231005"}],"wp:term":[{"taxonomy":"product_brand","embeddable":true,"href":"https:\/\/www.almacenflotablanca.com\/web\/wp-json\/wp\/v2\/product_brand?post=231005"},{"taxonomy":"product_cat","embeddable":true,"href":"https:\/\/www.almacenflotablanca.com\/web\/wp-json\/wp\/v2\/product_cat?post=231005"},{"taxonomy":"product_tag","embeddable":true,"href":"https:\/\/www.almacenflotablanca.com\/web\/wp-json\/wp\/v2\/product_tag?post=231005"}],"curies":[{"name":"wp","href":"https:\/\/api.w.org\/{rel}","templated":true}]}}