{"id":231681,"date":"2020-09-03T18:06:40","date_gmt":"2020-09-03T23:06:40","guid":{"rendered":"https:\/\/www.almacenflotablanca.com\/web\/?post_type=product&#038;p=231681"},"modified":"2026-04-15T16:11:25","modified_gmt":"2026-04-15T21:11:25","slug":"piso-en-caucho-de-1-cm-para-trafico-pesado-raven-negro","status":"publish","type":"product","link":"https:\/\/www.almacenflotablanca.com\/web\/producto\/piso-en-caucho-de-1-cm-para-trafico-pesado-raven-negro\/","title":{"rendered":"Piso En Caucho De 1 Cm Para Trafico Pesado Raven Negro"},"content":{"rendered":"<p>F\u00e1cil de instalar, solo necesita que el piso est\u00e9 nivelado. F\u00e1cil de limpiar. Baldosas Antideslizantes, gravados en bajo relieve. Reduce la fatiga y molestias ocasionadas por largas jornadas de pie. Absorbe el impacto de mancuernas, pesas, bultos, pisadas de caballo.<br \/>\nUso industrial, comercial y dom\u00e9stico. Ideal para gimnasios, establos, caballerizas, bodegas, barcos, entre otros.<\/p>\n","protected":false},"excerpt":{"rendered":"<p>F\u00e1cil de instalar, solo necesita que el piso est\u00e9 nivelado. F\u00e1cil de limpiar. Baldosas Antideslizantes, gravados en bajo relieve. Reduce la fatiga y molestias ocasionadas por largas jornadas de pie. Absorbe el impacto de mancuernas, pesas, bultos, pisadas de caballo. Uso industrial, comercial y dom\u00e9stico. Ideal para gimnasios, establos, caballerizas, bodegas, barcos, entre otros.<\/p>\n","protected":false},"featured_media":233144,"template":"","meta":{"_et_pb_use_builder":"","_et_pb_old_content":"","_et_gb_content_width":""},"product_brand":[],"product_cat":[164],"product_tag":[],"class_list":{"0":"post-231681","1":"product","2":"type-product","3":"status-publish","4":"has-post-thumbnail","6":"product_cat-pisos","8":"first","9":"instock","10":"taxable","11":"shipping-taxable","12":"purchasable","13":"product-type-simple"},"_links":{"self":[{"href":"https:\/\/www.almacenflotablanca.com\/web\/wp-json\/wp\/v2\/product\/231681","targetHints":{"allow":["GET"]}}],"collection":[{"href":"https:\/\/www.almacenflotablanca.com\/web\/wp-json\/wp\/v2\/product"}],"about":[{"href":"https:\/\/www.almacenflotablanca.com\/web\/wp-json\/wp\/v2\/types\/product"}],"wp:featuredmedia":[{"embeddable":true,"href":"https:\/\/www.almacenflotablanca.com\/web\/wp-json\/wp\/v2\/media\/233144"}],"wp:attachment":[{"href":"https:\/\/www.almacenflotablanca.com\/web\/wp-json\/wp\/v2\/media?parent=231681"}],"wp:term":[{"taxonomy":"product_brand","embeddable":true,"href":"https:\/\/www.almacenflotablanca.com\/web\/wp-json\/wp\/v2\/product_brand?post=231681"},{"taxonomy":"product_cat","embeddable":true,"href":"https:\/\/www.almacenflotablanca.com\/web\/wp-json\/wp\/v2\/product_cat?post=231681"},{"taxonomy":"product_tag","embeddable":true,"href":"https:\/\/www.almacenflotablanca.com\/web\/wp-json\/wp\/v2\/product_tag?post=231681"}],"curies":[{"name":"wp","href":"https:\/\/api.w.org\/{rel}","templated":true}]}}