{"id":231725,"date":"2020-09-11T00:21:35","date_gmt":"2020-09-11T05:21:35","guid":{"rendered":"https:\/\/www.almacenflotablanca.com\/web\/?post_type=product&#038;p=231725"},"modified":"2026-04-15T16:12:04","modified_gmt":"2026-04-15T21:12:04","slug":"carros-de-pedal-drive-negro-con-rojo","status":"publish","type":"product","link":"https:\/\/www.almacenflotablanca.com\/web\/producto\/carros-de-pedal-drive-negro-con-rojo\/","title":{"rendered":"Carro De Pedal Drive Negro Con Rojo"},"content":{"rendered":"<p>Carro De Pedal Drive, ideal para\u00a0 aprender a andar en direcci\u00f3n en un carro cl\u00e1sico con 4 etapas que se ajustan a medida del ni\u00f1o. El Carro De Pedal Drive es extra\u00edble y regulable en altura, cuenta con un compartimiento de amplio almacenamiento en la parte trasera, Incluye reposapi\u00e9s retr\u00e1ctil y plegable en la parte delantera.<br \/>\nMaterial duradero y seguro: construido con marco de metal y pl\u00e1stico de polipropileno que no es t\u00f3xico, sin olor, ligero para que tus hijos disfruten de su felicidad. Pueden jugar en interiores o exteriores, en un d\u00eda soleado o lluvioso, este carrito de pedaleo le da a tu hijo control sobre su propia velocidad y es una fant\u00e1stica manera de mantenerlos activos y en movimiento.<\/p>\n","protected":false},"excerpt":{"rendered":"<p>Carro De Pedal Drive, ideal para\u00a0 aprender a andar en direcci\u00f3n en un carro cl\u00e1sico con 4 etapas que se ajustan a medida del ni\u00f1o. El Carro De Pedal Drive es extra\u00edble y regulable en altura, cuenta con un compartimiento de amplio almacenamiento en la parte trasera, Incluye reposapi\u00e9s retr\u00e1ctil y plegable en la parte [&hellip;]<\/p>\n","protected":false},"featured_media":233130,"template":"","meta":{"_et_pb_use_builder":"","_et_pb_old_content":"","_et_gb_content_width":""},"product_brand":[],"product_cat":[70],"product_tag":[],"class_list":{"0":"post-231725","1":"product","2":"type-product","3":"status-publish","4":"has-post-thumbnail","6":"product_cat-carros-de-pedal","8":"first","9":"outofstock","10":"taxable","11":"shipping-taxable","12":"purchasable","13":"product-type-simple"},"_links":{"self":[{"href":"https:\/\/www.almacenflotablanca.com\/web\/wp-json\/wp\/v2\/product\/231725","targetHints":{"allow":["GET"]}}],"collection":[{"href":"https:\/\/www.almacenflotablanca.com\/web\/wp-json\/wp\/v2\/product"}],"about":[{"href":"https:\/\/www.almacenflotablanca.com\/web\/wp-json\/wp\/v2\/types\/product"}],"wp:featuredmedia":[{"embeddable":true,"href":"https:\/\/www.almacenflotablanca.com\/web\/wp-json\/wp\/v2\/media\/233130"}],"wp:attachment":[{"href":"https:\/\/www.almacenflotablanca.com\/web\/wp-json\/wp\/v2\/media?parent=231725"}],"wp:term":[{"taxonomy":"product_brand","embeddable":true,"href":"https:\/\/www.almacenflotablanca.com\/web\/wp-json\/wp\/v2\/product_brand?post=231725"},{"taxonomy":"product_cat","embeddable":true,"href":"https:\/\/www.almacenflotablanca.com\/web\/wp-json\/wp\/v2\/product_cat?post=231725"},{"taxonomy":"product_tag","embeddable":true,"href":"https:\/\/www.almacenflotablanca.com\/web\/wp-json\/wp\/v2\/product_tag?post=231725"}],"curies":[{"name":"wp","href":"https:\/\/api.w.org\/{rel}","templated":true}]}}