{"id":231733,"date":"2020-09-12T09:21:38","date_gmt":"2020-09-12T14:21:38","guid":{"rendered":"https:\/\/www.almacenflotablanca.com\/web\/?post_type=product&#038;p=231733"},"modified":"2026-04-15T16:11:45","modified_gmt":"2026-04-15T21:11:45","slug":"disco-de-10-libras-acero-fundido-de-1-negro","status":"publish","type":"product","link":"https:\/\/www.almacenflotablanca.com\/web\/producto\/disco-de-10-libras-acero-fundido-de-1-negro\/","title":{"rendered":"Disco De 10 Libras Acero Fundido De 1&#8243; Negro"},"content":{"rendered":"<p>Disco de pesas de 10 libras, ideal para entrenamiento en levantamiento de pesas, con mancuernas y barras est\u00e1ndar en bancos multiejercicio. Los discos para barras o mancuernas son fundamentales para la pr\u00e1ctica de las disciplinas de acondicionamiento de fuerza, de su precisi\u00f3n y calidad depende la excelencia de tu entrenamiento y el partido que puedas sacarle a tus m\u00fasculos.<\/p>\n","protected":false},"excerpt":{"rendered":"<ul>\n<li> &#8211; Color: Negro <\/li>\n<li> &#8211; Dimensiones: Est\u00e1ndar, para barras est\u00e1ndar <\/li>\n<li> &#8211; Material: Hierro Colado <\/li>\n<\/ul>\n","protected":false},"featured_media":233109,"template":"","meta":{"_et_pb_use_builder":"","_et_pb_old_content":"","_et_gb_content_width":""},"product_brand":[],"product_cat":[146],"product_tag":[],"class_list":{"0":"post-231733","1":"product","2":"type-product","3":"status-publish","4":"has-post-thumbnail","6":"product_cat-discos","8":"first","9":"instock","10":"taxable","11":"shipping-taxable","12":"purchasable","13":"product-type-simple"},"_links":{"self":[{"href":"https:\/\/www.almacenflotablanca.com\/web\/wp-json\/wp\/v2\/product\/231733","targetHints":{"allow":["GET"]}}],"collection":[{"href":"https:\/\/www.almacenflotablanca.com\/web\/wp-json\/wp\/v2\/product"}],"about":[{"href":"https:\/\/www.almacenflotablanca.com\/web\/wp-json\/wp\/v2\/types\/product"}],"wp:featuredmedia":[{"embeddable":true,"href":"https:\/\/www.almacenflotablanca.com\/web\/wp-json\/wp\/v2\/media\/233109"}],"wp:attachment":[{"href":"https:\/\/www.almacenflotablanca.com\/web\/wp-json\/wp\/v2\/media?parent=231733"}],"wp:term":[{"taxonomy":"product_brand","embeddable":true,"href":"https:\/\/www.almacenflotablanca.com\/web\/wp-json\/wp\/v2\/product_brand?post=231733"},{"taxonomy":"product_cat","embeddable":true,"href":"https:\/\/www.almacenflotablanca.com\/web\/wp-json\/wp\/v2\/product_cat?post=231733"},{"taxonomy":"product_tag","embeddable":true,"href":"https:\/\/www.almacenflotablanca.com\/web\/wp-json\/wp\/v2\/product_tag?post=231733"}],"curies":[{"name":"wp","href":"https:\/\/api.w.org\/{rel}","templated":true}]}}