{"id":232012,"date":"2020-11-04T15:35:49","date_gmt":"2020-11-04T20:35:49","guid":{"rendered":"https:\/\/www.almacenflotablanca.com\/web\/?post_type=product&#038;p=232012"},"modified":"2026-04-15T16:10:51","modified_gmt":"2026-04-15T21:10:51","slug":"bicicleta-rin-29-gw-titan-7-velocidades-marco-en-acero-frenos-de-disco-mecanicos-negra","status":"publish","type":"product","link":"https:\/\/www.almacenflotablanca.com\/web\/producto\/bicicleta-rin-29-gw-titan-7-velocidades-marco-en-acero-frenos-de-disco-mecanicos-negra\/","title":{"rendered":"Bicicleta Rin 29 Gw Tit\u00e1n 7 Velocidades Marco En Acero Frenos De Disco Mec\u00e1nicos Negra"},"content":{"rendered":"<p>Marco gw en acero hidroformado freno mec\u00e1nico 7 cambios (21) velocidades accesorios en aluminio tenedor rigido llantas chaoyang. Tenedor\u00a029 ahead oversize 28.6 mm juego direccion gw aluminio oversize 1-1\/8 9pcs espaciadores aluminio 28.6 10 mm negro. Manubrio aluminio 31.8mm x 720mm espiga aluminio 31.8mm x 80mm. Poste aluminio 25.4 x 300, solo poste, puntilla tornillo con puntilla (qr). Galapago gw con cremallera 170 mm (l) 140 (h).<br \/>\nCuenta con un sistema de mando de cambios de palnacas que permiten mantener excelente relaci\u00f3n para los diferentes caminos que quieras recorrer. Tiene suspensi\u00f3n  de bloqueo Gw para rodar por todo tipo de terreno, adem\u00e1s el agarre de las ruedas con labrado mixto, permite que tengas mejor desempe\u00f1o y ruedes sobre cualquier tipo de terreno, monta\u00f1a y ciudad.<\/p>\n","protected":false},"excerpt":{"rendered":"<p>Kit Marco y Accesorios: TITAN en acero GW<br \/>\nSuspensi\u00f3n: GW 29\u2033 LO de rebote.<br \/>\nCambios: Shimano 7 Velocidades PALANCAS INTEGRADAS<br \/>\nFrenos: Disco mec\u00e1nico<br \/>\nColor Sujeto a Disponibilidad<\/p>\n","protected":false},"featured_media":233094,"template":"","meta":{"_et_pb_use_builder":"","_et_pb_old_content":"","_et_gb_content_width":""},"product_brand":[],"product_cat":[74,138],"product_tag":[],"class_list":{"0":"post-232012","1":"product","2":"type-product","3":"status-publish","4":"has-post-thumbnail","6":"product_cat-bicicletas","7":"product_cat-bicicletas-de-montana","9":"first","10":"outofstock","11":"taxable","12":"shipping-taxable","13":"purchasable","14":"product-type-simple"},"_links":{"self":[{"href":"https:\/\/www.almacenflotablanca.com\/web\/wp-json\/wp\/v2\/product\/232012","targetHints":{"allow":["GET"]}}],"collection":[{"href":"https:\/\/www.almacenflotablanca.com\/web\/wp-json\/wp\/v2\/product"}],"about":[{"href":"https:\/\/www.almacenflotablanca.com\/web\/wp-json\/wp\/v2\/types\/product"}],"wp:featuredmedia":[{"embeddable":true,"href":"https:\/\/www.almacenflotablanca.com\/web\/wp-json\/wp\/v2\/media\/233094"}],"wp:attachment":[{"href":"https:\/\/www.almacenflotablanca.com\/web\/wp-json\/wp\/v2\/media?parent=232012"}],"wp:term":[{"taxonomy":"product_brand","embeddable":true,"href":"https:\/\/www.almacenflotablanca.com\/web\/wp-json\/wp\/v2\/product_brand?post=232012"},{"taxonomy":"product_cat","embeddable":true,"href":"https:\/\/www.almacenflotablanca.com\/web\/wp-json\/wp\/v2\/product_cat?post=232012"},{"taxonomy":"product_tag","embeddable":true,"href":"https:\/\/www.almacenflotablanca.com\/web\/wp-json\/wp\/v2\/product_tag?post=232012"}],"curies":[{"name":"wp","href":"https:\/\/api.w.org\/{rel}","templated":true}]}}