{"id":232019,"date":"2020-11-06T11:56:08","date_gmt":"2020-11-06T16:56:08","guid":{"rendered":"https:\/\/www.almacenflotablanca.com\/web\/?post_type=product&#038;p=232019"},"modified":"2026-04-15T16:10:51","modified_gmt":"2026-04-15T21:10:51","slug":"bicicleta-rin-29-gw-atlas-con-7-vel-marco-en-acero-y-frenos-de-disco-mecanico-multicolor","status":"publish","type":"product","link":"https:\/\/www.almacenflotablanca.com\/web\/producto\/bicicleta-rin-29-gw-atlas-con-7-vel-marco-en-acero-y-frenos-de-disco-mecanico-multicolor\/","title":{"rendered":"Bicicleta Rin 29 Gw Atlas Con 7 Vel Marco En Acero Y Frenos De Disco Mec\u00e1nico Multicolor"},"content":{"rendered":"<p>Suspensi\u00f3n: Gw De Rebote, cambios: Shimano Tourney 7vel Cambios Integrados. Grupo: Shimano tourney 7&#215;3 manubrio: Gw aluminio overside espiga: Over side gw 31.5 frenos: Disco mec\u00e1nico mangos: ergon\u00f3micos goma relaci\u00f3n: 7&#215;3 bielas: aluminio eje de cuadrante triple plato: Gw. Llantas: 29&#215;2.1 radios: acero negros. Manzanas: GW aluminio manzanas mono bloque GW aluminio de aguja 6 tornillos.<br \/>\n Con gran dise\u00f1o y rendimiento para que lleves al m\u00e1ximo tus rodadas, pedaleando por monta\u00f1as inalcanzables. Cuenta con un sistema de mando de cambios de palnacas que permiten mantener excelente relaci\u00f3n para los diferentes caminos que quieras recorrer. Adem\u00e1s el agarre de las ruedas con labrado mixto, permite que tengas mejor desempe\u00f1o y ruedes sobre cualquier tipo de terreno, monta\u00f1a y ciudad.<\/p>\n","protected":false},"excerpt":{"rendered":"<ul>\n<li> &#8211; Marco: Gw Acero Ultraliviano <\/li>\n<li> &#8211; Rines: aluminio m20 gw <\/li>\n<li> &#8211; Manubrio: Gw aluminio overside <\/li>\n<li> &#8211; Frenos: Disco mec\u00e1nico <\/li>\n<\/ul>\n","protected":false},"featured_media":233101,"template":"","meta":{"_et_pb_use_builder":"","_et_pb_old_content":"","_et_gb_content_width":""},"product_brand":[],"product_cat":[74,138],"product_tag":[],"class_list":{"0":"post-232019","1":"product","2":"type-product","3":"status-publish","4":"has-post-thumbnail","6":"product_cat-bicicletas","7":"product_cat-bicicletas-de-montana","9":"first","10":"outofstock","11":"purchasable","12":"product-type-simple"},"_links":{"self":[{"href":"https:\/\/www.almacenflotablanca.com\/web\/wp-json\/wp\/v2\/product\/232019","targetHints":{"allow":["GET"]}}],"collection":[{"href":"https:\/\/www.almacenflotablanca.com\/web\/wp-json\/wp\/v2\/product"}],"about":[{"href":"https:\/\/www.almacenflotablanca.com\/web\/wp-json\/wp\/v2\/types\/product"}],"wp:featuredmedia":[{"embeddable":true,"href":"https:\/\/www.almacenflotablanca.com\/web\/wp-json\/wp\/v2\/media\/233101"}],"wp:attachment":[{"href":"https:\/\/www.almacenflotablanca.com\/web\/wp-json\/wp\/v2\/media?parent=232019"}],"wp:term":[{"taxonomy":"product_brand","embeddable":true,"href":"https:\/\/www.almacenflotablanca.com\/web\/wp-json\/wp\/v2\/product_brand?post=232019"},{"taxonomy":"product_cat","embeddable":true,"href":"https:\/\/www.almacenflotablanca.com\/web\/wp-json\/wp\/v2\/product_cat?post=232019"},{"taxonomy":"product_tag","embeddable":true,"href":"https:\/\/www.almacenflotablanca.com\/web\/wp-json\/wp\/v2\/product_tag?post=232019"}],"curies":[{"name":"wp","href":"https:\/\/api.w.org\/{rel}","templated":true}]}}