{"id":232049,"date":"2020-11-17T15:39:01","date_gmt":"2020-11-17T20:39:01","guid":{"rendered":"https:\/\/www.almacenflotablanca.com\/web\/?post_type=product&#038;p=232049"},"modified":"2026-04-15T16:12:19","modified_gmt":"2026-04-15T21:12:19","slug":"barra-recta-longitud-150cm-con-2-seguros-mariposas-profit","status":"publish","type":"product","link":"https:\/\/www.almacenflotablanca.com\/web\/producto\/barra-recta-longitud-150cm-con-2-seguros-mariposas-profit\/","title":{"rendered":"Barra Recta Longitud 150cm Con 2 Seguros Mariposas Profit"},"content":{"rendered":"<p>Fabricada en acero de alta resistencia y acabado cromado, la Barra Mancuerna Individual incluye dos seguros, garantizan un entrenamiento seguro y de calidad. Ejercita tus b\u00edceps; tr\u00edceps y pectorales; fortaleciendo y tonificando tus m\u00fasculos<\/p>\n","protected":false},"excerpt":{"rendered":"<p>Fabricada en acero de alta resistencia y acabado cromado, la Barra Mancuerna Individual incluye dos seguros, garantizan un entrenamiento seguro y de calidad. Ejercita tus b\u00edceps; tr\u00edceps y pectorales; fortaleciendo y tonificando tus m\u00fasculos<\/p>\n","protected":false},"featured_media":233114,"template":"","meta":{"_et_pb_use_builder":"","_et_pb_old_content":"","_et_gb_content_width":""},"product_brand":[],"product_cat":[104],"product_tag":[],"class_list":{"0":"post-232049","1":"product","2":"type-product","3":"status-publish","4":"has-post-thumbnail","6":"product_cat-barras","8":"first","9":"instock","10":"taxable","11":"shipping-taxable","12":"purchasable","13":"product-type-simple"},"_links":{"self":[{"href":"https:\/\/www.almacenflotablanca.com\/web\/wp-json\/wp\/v2\/product\/232049","targetHints":{"allow":["GET"]}}],"collection":[{"href":"https:\/\/www.almacenflotablanca.com\/web\/wp-json\/wp\/v2\/product"}],"about":[{"href":"https:\/\/www.almacenflotablanca.com\/web\/wp-json\/wp\/v2\/types\/product"}],"wp:featuredmedia":[{"embeddable":true,"href":"https:\/\/www.almacenflotablanca.com\/web\/wp-json\/wp\/v2\/media\/233114"}],"wp:attachment":[{"href":"https:\/\/www.almacenflotablanca.com\/web\/wp-json\/wp\/v2\/media?parent=232049"}],"wp:term":[{"taxonomy":"product_brand","embeddable":true,"href":"https:\/\/www.almacenflotablanca.com\/web\/wp-json\/wp\/v2\/product_brand?post=232049"},{"taxonomy":"product_cat","embeddable":true,"href":"https:\/\/www.almacenflotablanca.com\/web\/wp-json\/wp\/v2\/product_cat?post=232049"},{"taxonomy":"product_tag","embeddable":true,"href":"https:\/\/www.almacenflotablanca.com\/web\/wp-json\/wp\/v2\/product_tag?post=232049"}],"curies":[{"name":"wp","href":"https:\/\/api.w.org\/{rel}","templated":true}]}}