{"id":232057,"date":"2020-11-19T23:41:26","date_gmt":"2020-11-20T04:41:26","guid":{"rendered":"https:\/\/www.almacenflotablanca.com\/web\/?post_type=product&#038;p=232057"},"modified":"2026-04-15T16:12:11","modified_gmt":"2026-04-15T21:12:11","slug":"patineta-scooter-base-estampa-con-luz-humo-negra","status":"publish","type":"product","link":"https:\/\/www.almacenflotablanca.com\/web\/producto\/patineta-scooter-base-estampa-con-luz-humo-negra\/","title":{"rendered":"Patineta Scooter Base Estampa Con Luz Humo Negra"},"content":{"rendered":"<p>Cuenta con dos turbinas de humo. Luces en llantas delanteras. Con tres tipos de sonidos diferentes integrados a la scooter. Con sistema de giro tipo hidr\u00e1ulico por inclinaci\u00f3n. Plegable para f\u00e1cil guardado. Altura de manubrio ajustable para chicos y grandes. Material de las llantas Goma PU Wheel (Poliuretano).<br \/>\nLa emoci\u00f3n de la energ\u00eda se combina con la \u00faltima tecnolog\u00eda y los materiales de alta calidad por los que se conoce E-SCOOTER, en forma de scooters el\u00e9ctricos. Con una plataforma y un marco de tama\u00f1o completo, el scooter el\u00e9ctrico est\u00e1 dise\u00f1ado para NI\u00d1OS hasta 7 a\u00f1os o\u00a0 hasta soportar 60 kilos y viaja a velocidades de hasta 12 km por hora.<br \/>\nMazo y marco de tama\u00f1o completo. Velocidades de hasta 12 mph.<\/p>\n","protected":false},"excerpt":{"rendered":"<p>Cuenta con dos turbinas de humo. Luces en llantas delanteras. Con tres tipos de sonidos diferentes integrados a la scooter. Con sistema de giro tipo hidr\u00e1ulico por inclinaci\u00f3n. Plegable para f\u00e1cil guardado. Altura de manubrio ajustable para chicos y grandes. Material de las llantas Goma PU Wheel (Poliuretano). La emoci\u00f3n de la energ\u00eda se combina [&hellip;]<\/p>\n","protected":false},"featured_media":233089,"template":"","meta":{"_et_pb_use_builder":"","_et_pb_old_content":"","_et_gb_content_width":""},"product_brand":[],"product_cat":[60],"product_tag":[],"class_list":{"0":"post-232057","1":"product","2":"type-product","3":"status-publish","4":"has-post-thumbnail","6":"product_cat-patinetas","8":"first","9":"instock","10":"taxable","11":"shipping-taxable","12":"purchasable","13":"product-type-simple"},"_links":{"self":[{"href":"https:\/\/www.almacenflotablanca.com\/web\/wp-json\/wp\/v2\/product\/232057","targetHints":{"allow":["GET"]}}],"collection":[{"href":"https:\/\/www.almacenflotablanca.com\/web\/wp-json\/wp\/v2\/product"}],"about":[{"href":"https:\/\/www.almacenflotablanca.com\/web\/wp-json\/wp\/v2\/types\/product"}],"wp:featuredmedia":[{"embeddable":true,"href":"https:\/\/www.almacenflotablanca.com\/web\/wp-json\/wp\/v2\/media\/233089"}],"wp:attachment":[{"href":"https:\/\/www.almacenflotablanca.com\/web\/wp-json\/wp\/v2\/media?parent=232057"}],"wp:term":[{"taxonomy":"product_brand","embeddable":true,"href":"https:\/\/www.almacenflotablanca.com\/web\/wp-json\/wp\/v2\/product_brand?post=232057"},{"taxonomy":"product_cat","embeddable":true,"href":"https:\/\/www.almacenflotablanca.com\/web\/wp-json\/wp\/v2\/product_cat?post=232057"},{"taxonomy":"product_tag","embeddable":true,"href":"https:\/\/www.almacenflotablanca.com\/web\/wp-json\/wp\/v2\/product_tag?post=232057"}],"curies":[{"name":"wp","href":"https:\/\/api.w.org\/{rel}","templated":true}]}}