{"id":232146,"date":"2020-12-07T16:08:43","date_gmt":"2020-12-07T21:08:43","guid":{"rendered":"https:\/\/www.almacenflotablanca.com\/web\/?post_type=product&#038;p=232146"},"modified":"2026-04-15T16:11:22","modified_gmt":"2026-04-15T21:11:22","slug":"bicicleta-ontrail-princess-amore-nina-rin-16-rosada","status":"publish","type":"product","link":"https:\/\/www.almacenflotablanca.com\/web\/producto\/bicicleta-ontrail-princess-amore-nina-rin-16-rosada\/","title":{"rendered":"Bicicleta Ontrail Princess Amore Ni\u00f1a Rin 16 Rosada"},"content":{"rendered":"<p>Bicicleta Ontrail Princess Amore Ni\u00f1a Rin 16 sus Accesorios On Trail (sill\u00edn, espuma manubrio, tabla frontal decorativo) trae el Portamu\u00f1eca, \u00a01 velocidad &#8211; sin cambios su freno v-brake aro en aluminio doble pared adem\u00e1s incluye cubre cadena y su respectivo, recomendado 1.00-1.20 mt. 5-7 a\u00f1os.<\/p>\n","protected":false},"excerpt":{"rendered":"<p>Bicicleta Ontrail Princess Amore Ni\u00f1a Rin 16 sus Accesorios On Trail (sill\u00edn, espuma manubrio, tabla frontal decorativo) trae el Portamu\u00f1eca, \u00a01 velocidad &#8211; sin cambios su freno v-brake aro en aluminio doble pared adem\u00e1s incluye cubre cadena y su respectivo, recomendado 1.00-1.20 mt. 5-7 a\u00f1os.<\/p>\n","protected":false},"featured_media":233072,"template":"","meta":{"_et_pb_use_builder":"","_et_pb_old_content":"","_et_gb_content_width":""},"product_brand":[],"product_cat":[64],"product_tag":[],"class_list":{"0":"post-232146","1":"product","2":"type-product","3":"status-publish","4":"has-post-thumbnail","6":"product_cat-bicicletas-infantiles","8":"first","9":"outofstock","10":"taxable","11":"shipping-taxable","12":"purchasable","13":"product-type-simple"},"_links":{"self":[{"href":"https:\/\/www.almacenflotablanca.com\/web\/wp-json\/wp\/v2\/product\/232146","targetHints":{"allow":["GET"]}}],"collection":[{"href":"https:\/\/www.almacenflotablanca.com\/web\/wp-json\/wp\/v2\/product"}],"about":[{"href":"https:\/\/www.almacenflotablanca.com\/web\/wp-json\/wp\/v2\/types\/product"}],"wp:featuredmedia":[{"embeddable":true,"href":"https:\/\/www.almacenflotablanca.com\/web\/wp-json\/wp\/v2\/media\/233072"}],"wp:attachment":[{"href":"https:\/\/www.almacenflotablanca.com\/web\/wp-json\/wp\/v2\/media?parent=232146"}],"wp:term":[{"taxonomy":"product_brand","embeddable":true,"href":"https:\/\/www.almacenflotablanca.com\/web\/wp-json\/wp\/v2\/product_brand?post=232146"},{"taxonomy":"product_cat","embeddable":true,"href":"https:\/\/www.almacenflotablanca.com\/web\/wp-json\/wp\/v2\/product_cat?post=232146"},{"taxonomy":"product_tag","embeddable":true,"href":"https:\/\/www.almacenflotablanca.com\/web\/wp-json\/wp\/v2\/product_tag?post=232146"}],"curies":[{"name":"wp","href":"https:\/\/api.w.org\/{rel}","templated":true}]}}