{"id":232161,"date":"2020-12-21T16:54:40","date_gmt":"2020-12-21T21:54:40","guid":{"rendered":"https:\/\/www.almacenflotablanca.com\/web\/?post_type=product&#038;p=232161"},"modified":"2026-04-15T16:11:50","modified_gmt":"2026-04-15T21:11:50","slug":"triciclo-doble-puesto-azul","status":"publish","type":"product","link":"https:\/\/www.almacenflotablanca.com\/web\/producto\/triciclo-doble-puesto-azul\/","title":{"rendered":"Triciclo Doble Puesto Azul"},"content":{"rendered":"<p>El triciclo dos puestos est\u00e1 dise\u00f1ado para ni\u00f1os y ni\u00f1as entre los tres a ocho a\u00f1os de edad, muy adecuado para acompa\u00f1arlos en esta etapa de aprendizaje, conocimiento y exploraci\u00f3n de su entorno. Haciendo que esta experiencia pueda ser compartida con otro peque\u00f1o quien ser\u00e1 su compa\u00f1ero y amigo. Dise\u00f1ado y fabricado bajo los m\u00e1s altos est\u00e1ndares de calidad. Triciclo doble para ni\u00f1os, Sus pedales ayudan a los ni\u00f1os a tener el impulso suficiente para disfrutar del juego, con canasta para cargar juguetes. Sirve tambi\u00e9n como paseador con manija de arrastre. Dise\u00f1ado para brindar apoyo en el crecimiento de los ni\u00f1os. Vuelco para cargar juguetes.<\/p>\n","protected":false},"excerpt":{"rendered":"<ul>\n<li> &#8211; Alta resistencia a impactos <\/li>\n<li> &#8211; Asiento para 2.\u00ba acompa\u00f1ante <\/li>\n<li> &#8211; Apoya pies para acompa\u00f1ante <\/li>\n<\/ul>\n","protected":false},"featured_media":233063,"template":"","meta":{"_et_pb_use_builder":"","_et_pb_old_content":"","_et_gb_content_width":""},"product_brand":[],"product_cat":[97],"product_tag":[],"class_list":{"0":"post-232161","1":"product","2":"type-product","3":"status-publish","4":"has-post-thumbnail","6":"product_cat-triciclos","8":"first","9":"outofstock","10":"taxable","11":"shipping-taxable","12":"purchasable","13":"product-type-simple"},"_links":{"self":[{"href":"https:\/\/www.almacenflotablanca.com\/web\/wp-json\/wp\/v2\/product\/232161","targetHints":{"allow":["GET"]}}],"collection":[{"href":"https:\/\/www.almacenflotablanca.com\/web\/wp-json\/wp\/v2\/product"}],"about":[{"href":"https:\/\/www.almacenflotablanca.com\/web\/wp-json\/wp\/v2\/types\/product"}],"wp:featuredmedia":[{"embeddable":true,"href":"https:\/\/www.almacenflotablanca.com\/web\/wp-json\/wp\/v2\/media\/233063"}],"wp:attachment":[{"href":"https:\/\/www.almacenflotablanca.com\/web\/wp-json\/wp\/v2\/media?parent=232161"}],"wp:term":[{"taxonomy":"product_brand","embeddable":true,"href":"https:\/\/www.almacenflotablanca.com\/web\/wp-json\/wp\/v2\/product_brand?post=232161"},{"taxonomy":"product_cat","embeddable":true,"href":"https:\/\/www.almacenflotablanca.com\/web\/wp-json\/wp\/v2\/product_cat?post=232161"},{"taxonomy":"product_tag","embeddable":true,"href":"https:\/\/www.almacenflotablanca.com\/web\/wp-json\/wp\/v2\/product_tag?post=232161"}],"curies":[{"name":"wp","href":"https:\/\/api.w.org\/{rel}","templated":true}]}}