{"id":232166,"date":"2020-12-21T16:59:53","date_gmt":"2020-12-21T21:59:53","guid":{"rendered":"https:\/\/www.almacenflotablanca.com\/web\/?post_type=product&#038;p=232166"},"modified":"2026-04-15T16:11:29","modified_gmt":"2026-04-15T21:11:29","slug":"cuatrimoto-electrica-drive-amarilla","status":"publish","type":"product","link":"https:\/\/www.almacenflotablanca.com\/web\/producto\/cuatrimoto-electrica-drive-amarilla\/","title":{"rendered":"Cuatrimoto El\u00e9ctrica Drive Amarilla"},"content":{"rendered":"<p>Pedal El\u00e9ctrico, sonidos musicales, pito cuatrimoto mueve adelante y reversa se recarga en 5 horas conectada a 110 voltios, igual que un tel\u00e9fono celular, su bater\u00eda le dura 3 horas de diversi\u00f3n la edad recomendada es desde 1 hasta 5 a\u00f1os, su potencia del motor: 20\u202fW.<br \/>\n La mejor experiencia que podr\u00e1s encontrar en el sector infantil, cuenta con una bater\u00eda recargable la cual cuenta con una gran autonom\u00eda. Con esta Moto El\u00e9ctrica para ni\u00f1os, podr\u00e1s tener el mayor entretenimiento y diversi\u00f3n que necesitan. Esta exclusiva moto de paseo es un gran juguete, el cual te ofrece la mayor y m\u00e1s alta calidad adem\u00e1s de brindarte mucha diversi\u00f3n. Este producto es muy f\u00e1cil de usar para cualquier ni\u00f1o. Recuerda siempre que el ni\u00f1o debe estar calzado, util\u00edzala en \u00e1reas seguras, no la utilices en calles o autopistas, ni en espacios los cuales est\u00e9n destapados o en mal estado.<\/p>\n","protected":false},"excerpt":{"rendered":"<ul>\n<li> &#8211; Bater\u00eda: 6V \/ 4Ah <\/li>\n<li> &#8211; Velocidad:3,5 km\/h <\/li>\n<li> &#8211; Peso bruto: 9 kg <\/li>\n<\/ul>\n","protected":false},"featured_media":233054,"template":"","meta":{"_et_pb_use_builder":"","_et_pb_old_content":"","_et_gb_content_width":""},"product_brand":[],"product_cat":[69],"product_tag":[],"class_list":{"0":"post-232166","1":"product","2":"type-product","3":"status-publish","4":"has-post-thumbnail","6":"product_cat-cuatrimotos","8":"first","9":"outofstock","10":"taxable","11":"shipping-taxable","12":"purchasable","13":"product-type-simple"},"_links":{"self":[{"href":"https:\/\/www.almacenflotablanca.com\/web\/wp-json\/wp\/v2\/product\/232166","targetHints":{"allow":["GET"]}}],"collection":[{"href":"https:\/\/www.almacenflotablanca.com\/web\/wp-json\/wp\/v2\/product"}],"about":[{"href":"https:\/\/www.almacenflotablanca.com\/web\/wp-json\/wp\/v2\/types\/product"}],"wp:featuredmedia":[{"embeddable":true,"href":"https:\/\/www.almacenflotablanca.com\/web\/wp-json\/wp\/v2\/media\/233054"}],"wp:attachment":[{"href":"https:\/\/www.almacenflotablanca.com\/web\/wp-json\/wp\/v2\/media?parent=232166"}],"wp:term":[{"taxonomy":"product_brand","embeddable":true,"href":"https:\/\/www.almacenflotablanca.com\/web\/wp-json\/wp\/v2\/product_brand?post=232166"},{"taxonomy":"product_cat","embeddable":true,"href":"https:\/\/www.almacenflotablanca.com\/web\/wp-json\/wp\/v2\/product_cat?post=232166"},{"taxonomy":"product_tag","embeddable":true,"href":"https:\/\/www.almacenflotablanca.com\/web\/wp-json\/wp\/v2\/product_tag?post=232166"}],"curies":[{"name":"wp","href":"https:\/\/api.w.org\/{rel}","templated":true}]}}