{"id":232172,"date":"2020-12-21T17:03:48","date_gmt":"2020-12-21T22:03:48","guid":{"rendered":"https:\/\/www.almacenflotablanca.com\/web\/?post_type=product&#038;p=232172"},"modified":"2026-04-15T16:12:14","modified_gmt":"2026-04-15T21:12:14","slug":"bicicleta-lancer-rin-16-gw-naranja","status":"publish","type":"product","link":"https:\/\/www.almacenflotablanca.com\/web\/producto\/bicicleta-lancer-rin-16-gw-naranja\/","title":{"rendered":"Bicicleta Lancer Rin 16 Gw Naranja"},"content":{"rendered":"<p>Esta bicicleta est\u00e1 dise\u00f1ada para ni\u00f1os y ni\u00f1as entre 95 cm a 110 cm de altura las ruedas auxiliares son removibles sus mangos en caucho para mejor agarre. Rines en aluminio con ruedas de neumatico. Protector de cadena para que los ni\u00f1os no se ensucien ni se enreden y guardabarros. Su tenedor en acero, direcci\u00f3n 8 pzas biela enteriza cw-10 170&#215;16 t\/amer sus frenos V-brake resina 900PE compact disk 44 dientes en acero manzana parallex power en acero, los pedales pvc Bmx fp-808, manubrio Bmx tipo Gw acero. Freno trasero y delantero.<\/p>\n<p>Silla juvenil especial y cierre r\u00e1pido de asiento poste abrazadera, pedales de resina antideslizante con reflectores y manivela de 1 pieza. Frenos: freno delantero del calibrador y freno de contrapedal trasero y palanca de freno de tama\u00f1o especiales para ni\u00f1os. Neum\u00e1ticos de tacos con encargo.<\/p>\n","protected":false},"excerpt":{"rendered":"<ul>\n<li> &#8211; Materiales del cuadro: Acero <\/li>\n<li> &#8211; Tipo de freno delantero: V-brakes <\/li>\n<li> &#8211; Tipo de freno trasero: V-brakes <\/li>\n<li> &#8211; Peso aproximado de la bicicleta 10 kg <\/li>\n<li> &#8211; Edad: desde los 4 a\u00f1os hasta 6 a\u00f1os <\/li>\n<\/ul>\n","protected":false},"featured_media":235901,"template":"","meta":{"_et_pb_use_builder":"","_et_pb_old_content":"","_et_gb_content_width":""},"product_brand":[],"product_cat":[74,64],"product_tag":[],"class_list":{"0":"post-232172","1":"product","2":"type-product","3":"status-publish","4":"has-post-thumbnail","6":"product_cat-bicicletas","7":"product_cat-bicicletas-infantiles","9":"first","10":"outofstock","11":"taxable","12":"shipping-taxable","13":"purchasable","14":"product-type-simple"},"_links":{"self":[{"href":"https:\/\/www.almacenflotablanca.com\/web\/wp-json\/wp\/v2\/product\/232172","targetHints":{"allow":["GET"]}}],"collection":[{"href":"https:\/\/www.almacenflotablanca.com\/web\/wp-json\/wp\/v2\/product"}],"about":[{"href":"https:\/\/www.almacenflotablanca.com\/web\/wp-json\/wp\/v2\/types\/product"}],"wp:featuredmedia":[{"embeddable":true,"href":"https:\/\/www.almacenflotablanca.com\/web\/wp-json\/wp\/v2\/media\/235901"}],"wp:attachment":[{"href":"https:\/\/www.almacenflotablanca.com\/web\/wp-json\/wp\/v2\/media?parent=232172"}],"wp:term":[{"taxonomy":"product_brand","embeddable":true,"href":"https:\/\/www.almacenflotablanca.com\/web\/wp-json\/wp\/v2\/product_brand?post=232172"},{"taxonomy":"product_cat","embeddable":true,"href":"https:\/\/www.almacenflotablanca.com\/web\/wp-json\/wp\/v2\/product_cat?post=232172"},{"taxonomy":"product_tag","embeddable":true,"href":"https:\/\/www.almacenflotablanca.com\/web\/wp-json\/wp\/v2\/product_tag?post=232172"}],"curies":[{"name":"wp","href":"https:\/\/api.w.org\/{rel}","templated":true}]}}