{"id":232174,"date":"2020-12-10T15:57:19","date_gmt":"2020-12-10T20:57:19","guid":{"rendered":"https:\/\/www.almacenflotablanca.com\/web\/?post_type=product&#038;p=232174"},"modified":"2026-04-15T16:10:48","modified_gmt":"2026-04-15T21:10:48","slug":"bicicleta-lightning-rin-20-gw-verde","status":"publish","type":"product","link":"https:\/\/www.almacenflotablanca.com\/web\/producto\/bicicleta-lightning-rin-20-gw-verde\/","title":{"rendered":"Bicicleta Lightning Rin 20 Gw Verde"},"content":{"rendered":"<p>La nueva bicicleta de GW rin 20 para ni\u00f1os y ni\u00f1as desde 7 hasta 12 a\u00f1os, muy vers\u00e1til y resistente por su marco GW de soldaduras reforzadas. Incluye accesorios lo que la hace a\u00fan m\u00e1s atractiva. Inclyelos siguientes accesorios: Proyector de cadena, guarda barros, paral, timbre. Protector de marco con dise\u00f1o especial para la diversi\u00f3n y el juego a la hora de montar, lleva una pata o paral para poder ubicar la bicicleta sin correr el riesgo de ca\u00edda, rallones o da\u00f1os en el marco u componentes, cumple los requisitos a la hora de divertirse, sus componentes son de buen funcionamiento, hechos en el mejor material resistente al impacto.<\/p>\n<p>La bicicleta es totalmente graduable dependiendo de la estatura de cada ni\u00f1o, al igual que sus componentes, son desmontables para los ni\u00f1os que ya saben manejar bicicleta. Las bicicletas mejoran la capacidad motriz en el desarrollo de los ni\u00f1os. Muy vers\u00e1til y resistente por su marco GW de soldaduras reforzadas. Incluye accesorios lo que la aun mas atractiva.<\/p>\n","protected":false},"excerpt":{"rendered":"<ul>\n<li>Avance: De pedales<\/li>\n<li>Material: Marco Acero<\/li>\n<li>Edades recomendadas: De 8 a 12 a\u00f1os<\/li>\n<li>Frenos: V-brake<\/li>\n<\/ul>\n","protected":false},"featured_media":233062,"template":"","meta":{"_et_pb_use_builder":"","_et_pb_old_content":"","_et_gb_content_width":""},"product_brand":[],"product_cat":[64],"product_tag":[],"class_list":{"0":"post-232174","1":"product","2":"type-product","3":"status-publish","4":"has-post-thumbnail","6":"product_cat-bicicletas-infantiles","8":"first","9":"outofstock","10":"taxable","11":"shipping-taxable","12":"purchasable","13":"product-type-simple"},"_links":{"self":[{"href":"https:\/\/www.almacenflotablanca.com\/web\/wp-json\/wp\/v2\/product\/232174","targetHints":{"allow":["GET"]}}],"collection":[{"href":"https:\/\/www.almacenflotablanca.com\/web\/wp-json\/wp\/v2\/product"}],"about":[{"href":"https:\/\/www.almacenflotablanca.com\/web\/wp-json\/wp\/v2\/types\/product"}],"wp:featuredmedia":[{"embeddable":true,"href":"https:\/\/www.almacenflotablanca.com\/web\/wp-json\/wp\/v2\/media\/233062"}],"wp:attachment":[{"href":"https:\/\/www.almacenflotablanca.com\/web\/wp-json\/wp\/v2\/media?parent=232174"}],"wp:term":[{"taxonomy":"product_brand","embeddable":true,"href":"https:\/\/www.almacenflotablanca.com\/web\/wp-json\/wp\/v2\/product_brand?post=232174"},{"taxonomy":"product_cat","embeddable":true,"href":"https:\/\/www.almacenflotablanca.com\/web\/wp-json\/wp\/v2\/product_cat?post=232174"},{"taxonomy":"product_tag","embeddable":true,"href":"https:\/\/www.almacenflotablanca.com\/web\/wp-json\/wp\/v2\/product_tag?post=232174"}],"curies":[{"name":"wp","href":"https:\/\/api.w.org\/{rel}","templated":true}]}}