{"id":232180,"date":"2020-12-11T12:59:19","date_gmt":"2020-12-11T17:59:19","guid":{"rendered":"https:\/\/www.almacenflotablanca.com\/web\/?post_type=product&#038;p=232180"},"modified":"2026-04-15T16:10:53","modified_gmt":"2026-04-15T21:10:53","slug":"bicicleta-scorpion-rin-29-gw-7-vel-azul","status":"publish","type":"product","link":"https:\/\/www.almacenflotablanca.com\/web\/producto\/bicicleta-scorpion-rin-29-gw-7-vel-azul\/","title":{"rendered":"Bicicleta Scorpion Rin 29 Gw 7 Vel Azul"},"content":{"rendered":"<p>Bicicleta para Mtb en Aluminio 29&#8243; su marco Gw Scorpion 29&#8243; Aluminio. Hidroformado de Alta resistencia, cableado interno, freno de disco suspensi\u00f3n: Gw de bloqueo manual, el freno de disco mec\u00e1nico. Rines: Gw Aluminio M20, manzanas: Aluminio de puntilla. Componentes en aluminio (ca\u00f1a-cabrilla-codo).<\/p>\n","protected":false},"excerpt":{"rendered":"<p>Bicicleta para Mtb en Aluminio 29&#8243; su marco Gw Scorpion 29&#8243; Aluminio. Hidroformado de Alta resistencia, cableado interno, freno de disco suspensi\u00f3n: Gw de bloqueo manual, el freno de disco mec\u00e1nico. Rines: Gw Aluminio M20, manzanas: Aluminio de puntilla. Componentes en aluminio (ca\u00f1a-cabrilla-codo).<\/p>\n","protected":false},"featured_media":233082,"template":"","meta":{"_et_pb_use_builder":"","_et_pb_old_content":"","_et_gb_content_width":""},"product_brand":[],"product_cat":[74,138],"product_tag":[],"class_list":{"0":"post-232180","1":"product","2":"type-product","3":"status-publish","4":"has-post-thumbnail","6":"product_cat-bicicletas","7":"product_cat-bicicletas-de-montana","9":"first","10":"outofstock","11":"taxable","12":"shipping-taxable","13":"purchasable","14":"product-type-simple"},"_links":{"self":[{"href":"https:\/\/www.almacenflotablanca.com\/web\/wp-json\/wp\/v2\/product\/232180","targetHints":{"allow":["GET"]}}],"collection":[{"href":"https:\/\/www.almacenflotablanca.com\/web\/wp-json\/wp\/v2\/product"}],"about":[{"href":"https:\/\/www.almacenflotablanca.com\/web\/wp-json\/wp\/v2\/types\/product"}],"wp:featuredmedia":[{"embeddable":true,"href":"https:\/\/www.almacenflotablanca.com\/web\/wp-json\/wp\/v2\/media\/233082"}],"wp:attachment":[{"href":"https:\/\/www.almacenflotablanca.com\/web\/wp-json\/wp\/v2\/media?parent=232180"}],"wp:term":[{"taxonomy":"product_brand","embeddable":true,"href":"https:\/\/www.almacenflotablanca.com\/web\/wp-json\/wp\/v2\/product_brand?post=232180"},{"taxonomy":"product_cat","embeddable":true,"href":"https:\/\/www.almacenflotablanca.com\/web\/wp-json\/wp\/v2\/product_cat?post=232180"},{"taxonomy":"product_tag","embeddable":true,"href":"https:\/\/www.almacenflotablanca.com\/web\/wp-json\/wp\/v2\/product_tag?post=232180"}],"curies":[{"name":"wp","href":"https:\/\/api.w.org\/{rel}","templated":true}]}}