{"id":232211,"date":"2021-01-15T15:44:25","date_gmt":"2021-01-15T20:44:25","guid":{"rendered":"https:\/\/www.almacenflotablanca.com\/web\/?post_type=product&#038;p=232211"},"modified":"2026-04-15T16:10:49","modified_gmt":"2026-04-15T21:10:49","slug":"bicicleta-mtb-gw-zebra-negra","status":"publish","type":"product","link":"https:\/\/www.almacenflotablanca.com\/web\/producto\/bicicleta-mtb-gw-zebra-negra\/","title":{"rendered":"Bicicleta MTB Gw Zebra Negra"},"content":{"rendered":"<p>Suspensi\u00f3n: Suspensi\u00f3n con Bloqueo al Hombro Gw. Grupo: Shimano tourney 7&#215;3 manubrio: Gw aluminio over side espiga: over side Gw 31.5, juego frenos: disco mec\u00e1nico mangos: ergon\u00f3micos goma. Relaci\u00f3n: 7&#215;3. Bielas: aluminio eje de cuadrante.<br \/>\nTriple plato: Gw. Eje centro: Gw cartucho balineras selladas pacha: Shimano me-tz500-7 pedales: Gw resina. Cadena: kmcz, tensor: Shimano.<\/p>\n","protected":false},"excerpt":{"rendered":"<ul>\n<li> Marco: GW Zebra aluminio con cableado interno <\/li>\n<li> Suspensi\u00f3n: Gw 29 h\/lo bloqueo hombro <\/li>\n<li> Juego de direcci\u00f3n: Gw semi integrado negro 1-1\/8 <\/li>\n<li> Freno de disco: GW aluminio puntilla mec\u00e1nico <\/li>\n<li> Cambios: shimano manilar\/palanca  <\/li>\n<li> Pacha: shimano  14\/28 <\/li>\n<li> Tensor: shimano 14\/28 <\/li>\n<li> Descarrilador: shimano  <\/li>\n<li> Bielas: GW <\/li>\n<\/ul>\n","protected":false},"featured_media":233576,"template":"","meta":{"_et_pb_use_builder":"","_et_pb_old_content":"","_et_gb_content_width":""},"product_brand":[],"product_cat":[74],"product_tag":[],"class_list":{"0":"post-232211","1":"product","2":"type-product","3":"status-publish","4":"has-post-thumbnail","6":"product_cat-bicicletas","8":"first","9":"outofstock","10":"taxable","11":"shipping-taxable","12":"purchasable","13":"product-type-simple"},"_links":{"self":[{"href":"https:\/\/www.almacenflotablanca.com\/web\/wp-json\/wp\/v2\/product\/232211","targetHints":{"allow":["GET"]}}],"collection":[{"href":"https:\/\/www.almacenflotablanca.com\/web\/wp-json\/wp\/v2\/product"}],"about":[{"href":"https:\/\/www.almacenflotablanca.com\/web\/wp-json\/wp\/v2\/types\/product"}],"wp:featuredmedia":[{"embeddable":true,"href":"https:\/\/www.almacenflotablanca.com\/web\/wp-json\/wp\/v2\/media\/233576"}],"wp:attachment":[{"href":"https:\/\/www.almacenflotablanca.com\/web\/wp-json\/wp\/v2\/media?parent=232211"}],"wp:term":[{"taxonomy":"product_brand","embeddable":true,"href":"https:\/\/www.almacenflotablanca.com\/web\/wp-json\/wp\/v2\/product_brand?post=232211"},{"taxonomy":"product_cat","embeddable":true,"href":"https:\/\/www.almacenflotablanca.com\/web\/wp-json\/wp\/v2\/product_cat?post=232211"},{"taxonomy":"product_tag","embeddable":true,"href":"https:\/\/www.almacenflotablanca.com\/web\/wp-json\/wp\/v2\/product_tag?post=232211"}],"curies":[{"name":"wp","href":"https:\/\/api.w.org\/{rel}","templated":true}]}}