{"id":232215,"date":"2021-01-15T15:57:07","date_gmt":"2021-01-15T20:57:07","guid":{"rendered":"https:\/\/www.almacenflotablanca.com\/web\/?post_type=product&#038;p=232215"},"modified":"2026-04-15T16:10:50","modified_gmt":"2026-04-15T21:10:50","slug":"bicicleta-gw-lacer-20-disc-brake-azul","status":"publish","type":"product","link":"https:\/\/www.almacenflotablanca.com\/web\/producto\/bicicleta-gw-lacer-20-disc-brake-azul\/","title":{"rendered":"Bicicleta Gw Lacer 20 Disc Brake Azul"},"content":{"rendered":"<p>Bicicleta rin 20 dobles pesta\u00f1a en aluminio. Cuenta con frenos de disco mec\u00e1nicos, espiga en aluminio, marco ergon\u00f3mico y con una geometr\u00eda que le permitir\u00e1 a tus hijos que en cada oportunidad que la utilice, se enamore m\u00e1s del ciclismo. Este deporte tiene la ventaja de que puede empezar a practicarse sin estar en buena forma, ya que depende de tu estado f\u00edsico para aplicar la intensidad que creas necesaria. Ayuda a tonificar la musculatura de los brazos y fortalecer las piernas, tiene un efecto positivo en el sistema cardiovascular y respiratorio.<\/p>\n<p>Este deporte tiene la ventaja de que puede empezar a practicarse sin estar en buena forma, ya que depende de tu estado f\u00edsico para aplicar la intensidad que creas necesaria. El ciclismo es un ejercicio que te permite estar en forma por si quieres bajar de peso o simplemente evitar el sedentarismo; ayuda a tonificar la musculatura de los brazos y fortalecer las piernas, tiene un efecto positivo en el sistema cardiovascular y respiratorio<\/p>\n","protected":false},"excerpt":{"rendered":"<ul>\n<li>&#8211; Tipo de bicicleta: BMX\/Freestyle<\/li>\n<li>&#8211; Es plegable: No<\/li>\n<li>&#8211; Materiales del cuadro: Hierro<\/li>\n<li>&#8211; Freno de disco mec\u00e1nico<\/li>\n<li>&#8211; Rin en aluminio doble pared<\/li>\n<\/ul>\n","protected":false},"featured_media":233056,"template":"","meta":{"_et_pb_use_builder":"","_et_pb_old_content":"","_et_gb_content_width":""},"product_brand":[],"product_cat":[64],"product_tag":[],"class_list":{"0":"post-232215","1":"product","2":"type-product","3":"status-publish","4":"has-post-thumbnail","6":"product_cat-bicicletas-infantiles","8":"first","9":"outofstock","10":"taxable","11":"shipping-taxable","12":"purchasable","13":"product-type-simple"},"_links":{"self":[{"href":"https:\/\/www.almacenflotablanca.com\/web\/wp-json\/wp\/v2\/product\/232215","targetHints":{"allow":["GET"]}}],"collection":[{"href":"https:\/\/www.almacenflotablanca.com\/web\/wp-json\/wp\/v2\/product"}],"about":[{"href":"https:\/\/www.almacenflotablanca.com\/web\/wp-json\/wp\/v2\/types\/product"}],"wp:featuredmedia":[{"embeddable":true,"href":"https:\/\/www.almacenflotablanca.com\/web\/wp-json\/wp\/v2\/media\/233056"}],"wp:attachment":[{"href":"https:\/\/www.almacenflotablanca.com\/web\/wp-json\/wp\/v2\/media?parent=232215"}],"wp:term":[{"taxonomy":"product_brand","embeddable":true,"href":"https:\/\/www.almacenflotablanca.com\/web\/wp-json\/wp\/v2\/product_brand?post=232215"},{"taxonomy":"product_cat","embeddable":true,"href":"https:\/\/www.almacenflotablanca.com\/web\/wp-json\/wp\/v2\/product_cat?post=232215"},{"taxonomy":"product_tag","embeddable":true,"href":"https:\/\/www.almacenflotablanca.com\/web\/wp-json\/wp\/v2\/product_tag?post=232215"}],"curies":[{"name":"wp","href":"https:\/\/api.w.org\/{rel}","templated":true}]}}