{"id":232276,"date":"2021-02-18T15:06:20","date_gmt":"2021-02-18T20:06:20","guid":{"rendered":"https:\/\/www.almacenflotablanca.com\/web\/?post_type=product&#038;p=232276"},"modified":"2026-04-15T16:11:10","modified_gmt":"2026-04-15T21:11:10","slug":"anillos-en-resina-gimnasio-sport-fitness-negro","status":"publish","type":"product","link":"https:\/\/www.almacenflotablanca.com\/web\/producto\/anillos-en-resina-gimnasio-sport-fitness-negro\/","title":{"rendered":"Anillos En Resina Gimnasio Sport Fitness Negro"},"content":{"rendered":"<p>Anillos en resina de alta densidad. Resistencia m\u00e1xima de 600 libras, juego por 2 anillos de 23cms de ancho 2 riatas de 5.15 metros de largo, broches de seguridad. Mejoras fuerza de agarre. Al ser la \u00fanica superficie de contacto, la fuerza de las manos, antebrazo y mu\u00f1ecas se ver\u00e1 significativamente incrementada. Son uno de los m\u00e9todos de entrenamiento funcional m\u00e1s \u00fatiles para conseguir desarrollar fuerza en la parte superior del cuerpo, de manera coordinada y equilibrada.<\/p>\n<p>Poco lesivas, al permitir que las articulaciones roten libremente en cualquier ejercicio, limitando la tensi\u00f3n.<\/p>\n","protected":false},"excerpt":{"rendered":"<ul>\n<li> &#8211; Uso:\u00a0dom\u00e9stico y profesional <\/li>\n<li> &#8211; Resistencia m\u00e1xima: 600lb <\/li>\n<li> &#8211; Anillos en resina de alta densidad <\/li>\n<li> &#8211; Incrementan la flexibilidad en hombros, dorsales y mu\u00f1ecas <\/li>\n<\/ul>\n","protected":false},"featured_media":233031,"template":"","meta":{"_et_pb_use_builder":"","_et_pb_old_content":"","_et_gb_content_width":""},"product_brand":[],"product_cat":[53],"product_tag":[],"class_list":{"0":"post-232276","1":"product","2":"type-product","3":"status-publish","4":"has-post-thumbnail","6":"product_cat-accesorios-deportivos","8":"first","9":"instock","10":"taxable","11":"shipping-taxable","12":"purchasable","13":"product-type-simple"},"_links":{"self":[{"href":"https:\/\/www.almacenflotablanca.com\/web\/wp-json\/wp\/v2\/product\/232276","targetHints":{"allow":["GET"]}}],"collection":[{"href":"https:\/\/www.almacenflotablanca.com\/web\/wp-json\/wp\/v2\/product"}],"about":[{"href":"https:\/\/www.almacenflotablanca.com\/web\/wp-json\/wp\/v2\/types\/product"}],"wp:featuredmedia":[{"embeddable":true,"href":"https:\/\/www.almacenflotablanca.com\/web\/wp-json\/wp\/v2\/media\/233031"}],"wp:attachment":[{"href":"https:\/\/www.almacenflotablanca.com\/web\/wp-json\/wp\/v2\/media?parent=232276"}],"wp:term":[{"taxonomy":"product_brand","embeddable":true,"href":"https:\/\/www.almacenflotablanca.com\/web\/wp-json\/wp\/v2\/product_brand?post=232276"},{"taxonomy":"product_cat","embeddable":true,"href":"https:\/\/www.almacenflotablanca.com\/web\/wp-json\/wp\/v2\/product_cat?post=232276"},{"taxonomy":"product_tag","embeddable":true,"href":"https:\/\/www.almacenflotablanca.com\/web\/wp-json\/wp\/v2\/product_tag?post=232276"}],"curies":[{"name":"wp","href":"https:\/\/api.w.org\/{rel}","templated":true}]}}