{"id":232345,"date":"2021-03-09T20:40:08","date_gmt":"2021-03-10T01:40:08","guid":{"rendered":"https:\/\/www.almacenflotablanca.com\/web\/?post_type=product&#038;p=232345"},"modified":"2026-04-15T16:11:19","modified_gmt":"2026-04-15T21:11:19","slug":"pedales-tioga-surefoot-slim-multicolor","status":"publish","type":"product","link":"https:\/\/www.almacenflotablanca.com\/web\/producto\/pedales-tioga-surefoot-slim-multicolor\/","title":{"rendered":"Pedales Tioga Surefoot Slim Multicolor"},"content":{"rendered":"<p>Los Surefoot Slim han sido dise\u00f1ados a partir del pedal Tioga Zero. De \u00e9l han heredado una superficie m\u00e1s fina de lo com\u00fan, que aumenta la distancia del pedal al suelo y ofrecen un apoyo del pie m\u00e1s cercano al eje que en un pedal convencional, resultando en un pedaleo m\u00e1s redondo.<\/p>\n","protected":false},"excerpt":{"rendered":"<p>Los Surefoot Slim han sido dise\u00f1ados a partir del pedal Tioga Zero. De \u00e9l han heredado una superficie m\u00e1s fina de lo com\u00fan, que aumenta la distancia del pedal al suelo y ofrecen un apoyo del pie m\u00e1s cercano al eje que en un pedal convencional, resultando en un pedaleo m\u00e1s redondo.<\/p>\n","protected":false},"featured_media":233025,"template":"","meta":{"_et_pb_use_builder":"","_et_pb_old_content":"","_et_gb_content_width":""},"product_brand":[],"product_cat":[53],"product_tag":[],"class_list":{"0":"post-232345","1":"product","2":"type-product","3":"status-publish","4":"has-post-thumbnail","6":"product_cat-accesorios-deportivos","8":"first","9":"instock","10":"taxable","11":"shipping-taxable","12":"purchasable","13":"product-type-simple"},"_links":{"self":[{"href":"https:\/\/www.almacenflotablanca.com\/web\/wp-json\/wp\/v2\/product\/232345","targetHints":{"allow":["GET"]}}],"collection":[{"href":"https:\/\/www.almacenflotablanca.com\/web\/wp-json\/wp\/v2\/product"}],"about":[{"href":"https:\/\/www.almacenflotablanca.com\/web\/wp-json\/wp\/v2\/types\/product"}],"wp:featuredmedia":[{"embeddable":true,"href":"https:\/\/www.almacenflotablanca.com\/web\/wp-json\/wp\/v2\/media\/233025"}],"wp:attachment":[{"href":"https:\/\/www.almacenflotablanca.com\/web\/wp-json\/wp\/v2\/media?parent=232345"}],"wp:term":[{"taxonomy":"product_brand","embeddable":true,"href":"https:\/\/www.almacenflotablanca.com\/web\/wp-json\/wp\/v2\/product_brand?post=232345"},{"taxonomy":"product_cat","embeddable":true,"href":"https:\/\/www.almacenflotablanca.com\/web\/wp-json\/wp\/v2\/product_cat?post=232345"},{"taxonomy":"product_tag","embeddable":true,"href":"https:\/\/www.almacenflotablanca.com\/web\/wp-json\/wp\/v2\/product_tag?post=232345"}],"curies":[{"name":"wp","href":"https:\/\/api.w.org\/{rel}","templated":true}]}}