{"id":232346,"date":"2021-03-09T20:46:08","date_gmt":"2021-03-10T01:46:08","guid":{"rendered":"https:\/\/www.almacenflotablanca.com\/web\/?post_type=product&#038;p=232346"},"modified":"2026-04-15T16:11:31","modified_gmt":"2026-04-15T21:11:31","slug":"cassette-sunrace-mx8-11v-11-50-pacha-mtb-negra-y-roja","status":"publish","type":"product","link":"https:\/\/www.almacenflotablanca.com\/web\/producto\/cassette-sunrace-mx8-11v-11-50-pacha-mtb-negra-y-roja\/","title":{"rendered":"Cassette Sunrace Mx8 11v 11-50 Pacha Mtb Negra Y Roja"},"content":{"rendered":"<p>Cassette SunRace de 11 velocidades con Desarrollo 11-13-15-18-21-24-28-32-36-42-50 dientes. 519 gramos de peso para un cassette mtb de amplio desarrollo para bicicletas con transmisiones de un solo plato.<br \/>\nLos pi\u00f1ones grandes de esta pieza est\u00e1n fabricados en aluminio 7075 y los peque\u00f1os en acero. La ara\u00f1a interna en aluminio mecanizado. Compatible con Exustar dos zapatas de perno, otros dos zapatos del agujero del perno. Encuadernaci\u00f3n  Cr-Mo de una cara, tensi\u00f3n ajustable.<\/p>\n","protected":false},"excerpt":{"rendered":"<ul>\n<li> &#8211; Modelo: Mx8 <\/li>\n<li> &#8211; Cassette: 11v 11\/50 <\/li>\n<li> &#8211; Es compatibles con ruedas de n\u00facleo est\u00e1ndar <\/li>\n<li> &#8211; Material del soporte: acero de alta resistencia, y aluminio en su interior <\/li>\n<\/ul>\n","protected":false},"featured_media":233021,"template":"","meta":{"_et_pb_use_builder":"","_et_pb_old_content":"","_et_gb_content_width":""},"product_brand":[],"product_cat":[53],"product_tag":[],"class_list":{"0":"post-232346","1":"product","2":"type-product","3":"status-publish","4":"has-post-thumbnail","6":"product_cat-accesorios-deportivos","8":"first","9":"instock","10":"taxable","11":"shipping-taxable","12":"purchasable","13":"product-type-simple"},"_links":{"self":[{"href":"https:\/\/www.almacenflotablanca.com\/web\/wp-json\/wp\/v2\/product\/232346","targetHints":{"allow":["GET"]}}],"collection":[{"href":"https:\/\/www.almacenflotablanca.com\/web\/wp-json\/wp\/v2\/product"}],"about":[{"href":"https:\/\/www.almacenflotablanca.com\/web\/wp-json\/wp\/v2\/types\/product"}],"wp:featuredmedia":[{"embeddable":true,"href":"https:\/\/www.almacenflotablanca.com\/web\/wp-json\/wp\/v2\/media\/233021"}],"wp:attachment":[{"href":"https:\/\/www.almacenflotablanca.com\/web\/wp-json\/wp\/v2\/media?parent=232346"}],"wp:term":[{"taxonomy":"product_brand","embeddable":true,"href":"https:\/\/www.almacenflotablanca.com\/web\/wp-json\/wp\/v2\/product_brand?post=232346"},{"taxonomy":"product_cat","embeddable":true,"href":"https:\/\/www.almacenflotablanca.com\/web\/wp-json\/wp\/v2\/product_cat?post=232346"},{"taxonomy":"product_tag","embeddable":true,"href":"https:\/\/www.almacenflotablanca.com\/web\/wp-json\/wp\/v2\/product_tag?post=232346"}],"curies":[{"name":"wp","href":"https:\/\/api.w.org\/{rel}","templated":true}]}}