{"id":232493,"date":"2021-04-25T12:57:09","date_gmt":"2021-04-25T17:57:09","guid":{"rendered":"https:\/\/www.almacenflotablanca.com\/web\/producto\/paracaidas-de-entrenamiento-sport-fitness-negro\/"},"modified":"2026-04-15T16:11:07","modified_gmt":"2026-04-15T21:11:07","slug":"paracaidas-de-entrenamiento-sport-fitness-negro","status":"publish","type":"product","link":"https:\/\/www.almacenflotablanca.com\/web\/producto\/paracaidas-de-entrenamiento-sport-fitness-negro\/","title":{"rendered":"Paraca\u00eddas De Entrenamiento Sport Fitness Negro"},"content":{"rendered":"<p>Paraca\u00eddas De Entrenamiento Sport Fitness Negro, el Paraca\u00eddas de Resistencia Sport fitness ayuda a optimizar tu rendimiento en piques r\u00e1pidos y a mantener la velocidad. Con este sistema podr\u00e1s tener un mayor desempe\u00f1o en tu disciplina deportiva, ya que te permite maximizar la aceleraci\u00f3n y la velocidad a trav\u00e9s de la resistencia progresiva y la formaci\u00f3n de exceso de velocidadel entrenamiento con paraca\u00eddas es de gran ayuda para desarrollar la velocidad explosiva. Pero los paraca\u00eddas de entrenamiento no solo ayudan a mejorar la velocidad.<\/p>\n","protected":false},"excerpt":{"rendered":"<ul>\n<li> &#8211; Material: Nylon <\/li>\n<li> &#8211; Ideal para entrenamiento funcional <\/li>\n<li> &#8211; Uso: Institucional y Profesional <\/li>\n<li> &#8211; Mejoran los cambios bruscos de direcci\u00f3n <\/li>\n<\/ul>\n","protected":false},"featured_media":232492,"template":"","meta":{"_et_pb_use_builder":"","_et_pb_old_content":"","_et_gb_content_width":""},"product_brand":[],"product_cat":[15],"product_tag":[],"class_list":{"0":"post-232493","1":"product","2":"type-product","3":"status-publish","4":"has-post-thumbnail","6":"product_cat-productos","8":"first","9":"instock","10":"taxable","11":"shipping-taxable","12":"purchasable","13":"product-type-simple"},"_links":{"self":[{"href":"https:\/\/www.almacenflotablanca.com\/web\/wp-json\/wp\/v2\/product\/232493","targetHints":{"allow":["GET"]}}],"collection":[{"href":"https:\/\/www.almacenflotablanca.com\/web\/wp-json\/wp\/v2\/product"}],"about":[{"href":"https:\/\/www.almacenflotablanca.com\/web\/wp-json\/wp\/v2\/types\/product"}],"wp:featuredmedia":[{"embeddable":true,"href":"https:\/\/www.almacenflotablanca.com\/web\/wp-json\/wp\/v2\/media\/232492"}],"wp:attachment":[{"href":"https:\/\/www.almacenflotablanca.com\/web\/wp-json\/wp\/v2\/media?parent=232493"}],"wp:term":[{"taxonomy":"product_brand","embeddable":true,"href":"https:\/\/www.almacenflotablanca.com\/web\/wp-json\/wp\/v2\/product_brand?post=232493"},{"taxonomy":"product_cat","embeddable":true,"href":"https:\/\/www.almacenflotablanca.com\/web\/wp-json\/wp\/v2\/product_cat?post=232493"},{"taxonomy":"product_tag","embeddable":true,"href":"https:\/\/www.almacenflotablanca.com\/web\/wp-json\/wp\/v2\/product_tag?post=232493"}],"curies":[{"name":"wp","href":"https:\/\/api.w.org\/{rel}","templated":true}]}}